{"id":62865,"date":"2024-05-27T13:38:03","date_gmt":"2024-05-27T11:38:03","guid":{"rendered":"https:\/\/rubi5.com\/?post_type=product&#038;p=62865"},"modified":"2026-01-02T03:14:43","modified_gmt":"2026-01-02T01:14:43","slug":"flexometro-turner-5m","status":"publish","type":"product","link":"https:\/\/rubi5.com\/staging\/flexometro-turner-5m\/","title":{"rendered":"Flex\u00f3metro Turner 5m"},"content":{"rendered":"","protected":false},"excerpt":{"rendered":"<p>Flex\u00f3metro de 5 metros con cuchilla met\u00e1lica y mecanismo de bloqueo. Con cuerpo en original acabado transparente, clip met\u00e1lico para cintur\u00f3n y cinta de transporte, con zona especial de marcaje. Presentado individualmente en caja de dise\u00f1o kraft.<\/p>\n<p>Con Freno y Clip Incluido<\/p>\n","protected":false},"featured_media":62870,"template":"","meta":{"_acf_changed":false},"product_brand":[],"product_cat":[199,987,377],"product_tag":[],"class_list":{"0":"post-62865","1":"product","2":"type-product","3":"status-publish","4":"has-post-thumbnail","6":"product_cat-hogar","7":"product_cat-flexometros","8":"product_cat-herramientas-personalizadas","10":"first","11":"instock","12":"taxable","13":"shipping-taxable","14":"purchasable","15":"product-type-variable"},"acf":[],"_links":{"self":[{"href":"https:\/\/rubi5.com\/staging\/wp-json\/wp\/v2\/product\/62865","targetHints":{"allow":["GET"]}}],"collection":[{"href":"https:\/\/rubi5.com\/staging\/wp-json\/wp\/v2\/product"}],"about":[{"href":"https:\/\/rubi5.com\/staging\/wp-json\/wp\/v2\/types\/product"}],"version-history":[{"count":1,"href":"https:\/\/rubi5.com\/staging\/wp-json\/wp\/v2\/product\/62865\/revisions"}],"predecessor-version":[{"id":62867,"href":"https:\/\/rubi5.com\/staging\/wp-json\/wp\/v2\/product\/62865\/revisions\/62867"}],"wp:featuredmedia":[{"embeddable":true,"href":"https:\/\/rubi5.com\/staging\/wp-json\/wp\/v2\/media\/62870"}],"wp:attachment":[{"href":"https:\/\/rubi5.com\/staging\/wp-json\/wp\/v2\/media?parent=62865"}],"wp:term":[{"taxonomy":"product_brand","embeddable":true,"href":"https:\/\/rubi5.com\/staging\/wp-json\/wp\/v2\/product_brand?post=62865"},{"taxonomy":"product_cat","embeddable":true,"href":"https:\/\/rubi5.com\/staging\/wp-json\/wp\/v2\/product_cat?post=62865"},{"taxonomy":"product_tag","embeddable":true,"href":"https:\/\/rubi5.com\/staging\/wp-json\/wp\/v2\/product_tag?post=62865"}],"curies":[{"name":"wp","href":"https:\/\/api.w.org\/{rel}","templated":true}]}}