{"id":62872,"date":"2024-05-28T09:42:10","date_gmt":"2024-05-28T07:42:10","guid":{"rendered":"https:\/\/rubi5.com\/?post_type=product&#038;p=62872"},"modified":"2026-01-22T04:35:13","modified_gmt":"2026-01-22T02:35:13","slug":"cutter-rowe","status":"publish","type":"product","link":"https:\/\/rubi5.com\/staging\/cutter-rowe\/","title":{"rendered":"Cutter Rowe"},"content":{"rendered":"","protected":false},"excerpt":{"rendered":"<p>Cutter con cuchilla ancha fabricado en ca\u00f1a de trigo. Mango ergon\u00f3mico troquelado con capucha extra\u00edble para ajuste de corte de cuchilla, con mecanismo de bloqueo para mayor seguridad. Con logotipo ca\u00f1a de trigo incluido.<\/p>\n","protected":false},"featured_media":62875,"template":"","meta":{"_acf_changed":false},"product_brand":[],"product_cat":[199,989,377],"product_tag":[],"class_list":{"0":"post-62872","1":"product","2":"type-product","3":"status-publish","4":"has-post-thumbnail","6":"product_cat-hogar","7":"product_cat-cutters","8":"product_cat-herramientas-personalizadas","10":"first","11":"instock","12":"taxable","13":"shipping-taxable","14":"purchasable","15":"product-type-variable"},"acf":[],"_links":{"self":[{"href":"https:\/\/rubi5.com\/staging\/wp-json\/wp\/v2\/product\/62872","targetHints":{"allow":["GET"]}}],"collection":[{"href":"https:\/\/rubi5.com\/staging\/wp-json\/wp\/v2\/product"}],"about":[{"href":"https:\/\/rubi5.com\/staging\/wp-json\/wp\/v2\/types\/product"}],"version-history":[{"count":2,"href":"https:\/\/rubi5.com\/staging\/wp-json\/wp\/v2\/product\/62872\/revisions"}],"predecessor-version":[{"id":62878,"href":"https:\/\/rubi5.com\/staging\/wp-json\/wp\/v2\/product\/62872\/revisions\/62878"}],"wp:featuredmedia":[{"embeddable":true,"href":"https:\/\/rubi5.com\/staging\/wp-json\/wp\/v2\/media\/62875"}],"wp:attachment":[{"href":"https:\/\/rubi5.com\/staging\/wp-json\/wp\/v2\/media?parent=62872"}],"wp:term":[{"taxonomy":"product_brand","embeddable":true,"href":"https:\/\/rubi5.com\/staging\/wp-json\/wp\/v2\/product_brand?post=62872"},{"taxonomy":"product_cat","embeddable":true,"href":"https:\/\/rubi5.com\/staging\/wp-json\/wp\/v2\/product_cat?post=62872"},{"taxonomy":"product_tag","embeddable":true,"href":"https:\/\/rubi5.com\/staging\/wp-json\/wp\/v2\/product_tag?post=62872"}],"curies":[{"name":"wp","href":"https:\/\/api.w.org\/{rel}","templated":true}]}}