{"id":62984,"date":"2024-06-03T14:04:32","date_gmt":"2024-06-03T12:04:32","guid":{"rendered":"https:\/\/rubi5.com\/?post_type=product&#038;p=62984"},"modified":"2026-01-22T04:35:13","modified_gmt":"2026-01-22T02:35:13","slug":"bidon-termico-garthix-de-750-ml","status":"publish","type":"product","link":"https:\/\/rubi5.com\/staging\/bidon-termico-garthix-de-750-ml\/","title":{"rendered":"Bid\u00f3n acero inoxidable acabado goma Garthix 750 ml"},"content":{"rendered":"","protected":false},"excerpt":{"rendered":"<p>Bid\u00f3n de 750 ml de capacidad, fabricado en acero inoxidable y acabado suave con tacto goma. Un bid\u00f3n especialmente dise\u00f1ado para grabar a l\u00e1ser.<\/p>\n<p>Con tap\u00f3n a rosca a juego, libre de BPA y disponible en variada gama de colores mate.<\/p>\n<p>Presentado en caja individual de dise\u00f1o kraft.<\/p>\n","protected":false},"featured_media":62992,"template":"","meta":{"_acf_changed":false},"product_brand":[],"product_cat":[234,233,30],"product_tag":[],"class_list":{"0":"post-62984","1":"product","2":"type-product","3":"status-publish","4":"has-post-thumbnail","6":"product_cat-botellas-reutilizables","7":"product_cat-botellas-personalizadas","8":"product_cat-tazas-y-botellas","10":"first","11":"instock","12":"taxable","13":"shipping-taxable","14":"purchasable","15":"product-type-variable"},"acf":[],"_links":{"self":[{"href":"https:\/\/rubi5.com\/staging\/wp-json\/wp\/v2\/product\/62984","targetHints":{"allow":["GET"]}}],"collection":[{"href":"https:\/\/rubi5.com\/staging\/wp-json\/wp\/v2\/product"}],"about":[{"href":"https:\/\/rubi5.com\/staging\/wp-json\/wp\/v2\/types\/product"}],"version-history":[{"count":5,"href":"https:\/\/rubi5.com\/staging\/wp-json\/wp\/v2\/product\/62984\/revisions"}],"predecessor-version":[{"id":64318,"href":"https:\/\/rubi5.com\/staging\/wp-json\/wp\/v2\/product\/62984\/revisions\/64318"}],"wp:featuredmedia":[{"embeddable":true,"href":"https:\/\/rubi5.com\/staging\/wp-json\/wp\/v2\/media\/62992"}],"wp:attachment":[{"href":"https:\/\/rubi5.com\/staging\/wp-json\/wp\/v2\/media?parent=62984"}],"wp:term":[{"taxonomy":"product_brand","embeddable":true,"href":"https:\/\/rubi5.com\/staging\/wp-json\/wp\/v2\/product_brand?post=62984"},{"taxonomy":"product_cat","embeddable":true,"href":"https:\/\/rubi5.com\/staging\/wp-json\/wp\/v2\/product_cat?post=62984"},{"taxonomy":"product_tag","embeddable":true,"href":"https:\/\/rubi5.com\/staging\/wp-json\/wp\/v2\/product_tag?post=62984"}],"curies":[{"name":"wp","href":"https:\/\/api.w.org\/{rel}","templated":true}]}}