{"id":63471,"date":"2024-07-26T13:58:31","date_gmt":"2024-07-26T11:58:31","guid":{"rendered":"https:\/\/rubi5.com\/?post_type=product&#038;p=63471"},"modified":"2024-07-26T13:58:31","modified_gmt":"2024-07-26T11:58:31","slug":"bic-super-clip-boligrafo","status":"publish","type":"product","link":"https:\/\/rubi5.com\/staging\/bic-super-clip-boligrafo\/","title":{"rendered":"BIC Super Clip bol\u00edgrafo"},"content":{"rendered":"","protected":false},"excerpt":{"rendered":"<p>Dise\u00f1o elegante y vers\u00e1til. \u00a1Muchas posibilidades gracias a la gran variedad de colores y la gran \u00e1rea de impresi\u00f3n!<\/p>\n","protected":false},"featured_media":63484,"template":"","meta":{"_acf_changed":false},"product_brand":[],"product_cat":[43,886,317],"product_tag":[],"class_list":{"0":"post-63471","1":"product","2":"type-product","3":"status-publish","4":"has-post-thumbnail","6":"product_cat-escritura","7":"product_cat-boligrafos-bic","8":"product_cat-boligrafos-personalizados","10":"first","11":"instock","12":"taxable","13":"shipping-taxable","14":"purchasable","15":"product-type-variable"},"acf":[],"_links":{"self":[{"href":"https:\/\/rubi5.com\/staging\/wp-json\/wp\/v2\/product\/63471","targetHints":{"allow":["GET"]}}],"collection":[{"href":"https:\/\/rubi5.com\/staging\/wp-json\/wp\/v2\/product"}],"about":[{"href":"https:\/\/rubi5.com\/staging\/wp-json\/wp\/v2\/types\/product"}],"version-history":[{"count":2,"href":"https:\/\/rubi5.com\/staging\/wp-json\/wp\/v2\/product\/63471\/revisions"}],"predecessor-version":[{"id":63495,"href":"https:\/\/rubi5.com\/staging\/wp-json\/wp\/v2\/product\/63471\/revisions\/63495"}],"wp:featuredmedia":[{"embeddable":true,"href":"https:\/\/rubi5.com\/staging\/wp-json\/wp\/v2\/media\/63484"}],"wp:attachment":[{"href":"https:\/\/rubi5.com\/staging\/wp-json\/wp\/v2\/media?parent=63471"}],"wp:term":[{"taxonomy":"product_brand","embeddable":true,"href":"https:\/\/rubi5.com\/staging\/wp-json\/wp\/v2\/product_brand?post=63471"},{"taxonomy":"product_cat","embeddable":true,"href":"https:\/\/rubi5.com\/staging\/wp-json\/wp\/v2\/product_cat?post=63471"},{"taxonomy":"product_tag","embeddable":true,"href":"https:\/\/rubi5.com\/staging\/wp-json\/wp\/v2\/product_tag?post=63471"}],"curies":[{"name":"wp","href":"https:\/\/api.w.org\/{rel}","templated":true}]}}