{"id":63512,"date":"2024-07-29T14:27:26","date_gmt":"2024-07-29T12:27:26","guid":{"rendered":"https:\/\/rubi5.com\/?post_type=product&#038;p=63512"},"modified":"2025-03-07T12:06:58","modified_gmt":"2025-03-07T10:06:58","slug":"bolsa-de-la-compra-de-rafia","status":"publish","type":"product","link":"https:\/\/rubi5.com\/staging\/bolsa-de-la-compra-de-rafia\/","title":{"rendered":"Bolsa de la compra de rafia"},"content":{"rendered":"","protected":false},"excerpt":{"rendered":"<div>Bolsa de la compra horizontal con asas cortas o asas largas, seg\u00fan tama\u00f1o y modelo.<\/div>\n<div><\/div>\n<div>\n<div>Asas de tejido PP webbing (nylon) m\u00e1s resistente. El color de las asas podr\u00e1 ser uno de los colores b\u00e1sicos, pero tambi\u00e9n podr\u00e1s proporcionar el PMS deseado y buscaremos el color m\u00e1s cercano disponible.<\/div>\n<div>Tela no tejida laminada \u00a0de 120 g\/m\u00b2.<\/div>\n<div>Podr\u00e1s personalizar la bolsa con tu dise\u00f1o a todo color por las cuatro caras de la bolsa.<\/div>\n<\/div>\n<div>\n<div><\/div>\n<\/div>\n<div>Dimensiones de bolsa disponibles:<\/div>\n<ul>\n<li>36 x 32 x 12 cm<\/li>\n<li>42 x 32 x 16 cm<\/li>\n<li>42 x 32 x 24 cm<\/li>\n<li>45 x 40 x 20 cm<\/li>\n<\/ul>\n<p><span style=\"color: #ff0000;\"><strong>Pedido m\u00ednimo de 1000 uds.<\/strong><\/span><\/p>\n<p><strong>Tiempo de entrega de m\u00e1s de 30 d\u00edas.<\/strong><\/p>\n","protected":false},"featured_media":63515,"template":"","meta":{"_acf_changed":false},"product_brand":[],"product_cat":[925,196,21],"product_tag":[],"class_list":{"0":"post-63512","1":"product","2":"type-product","3":"status-publish","4":"has-post-thumbnail","6":"product_cat-bolsas-de-rafia","7":"product_cat-bolsas-personalizadas","8":"product_cat-bolsas-y-mochilas","10":"first","11":"instock","12":"taxable","13":"shipping-taxable","14":"product-type-external"},"acf":[],"_links":{"self":[{"href":"https:\/\/rubi5.com\/staging\/wp-json\/wp\/v2\/product\/63512","targetHints":{"allow":["GET"]}}],"collection":[{"href":"https:\/\/rubi5.com\/staging\/wp-json\/wp\/v2\/product"}],"about":[{"href":"https:\/\/rubi5.com\/staging\/wp-json\/wp\/v2\/types\/product"}],"version-history":[{"count":4,"href":"https:\/\/rubi5.com\/staging\/wp-json\/wp\/v2\/product\/63512\/revisions"}],"predecessor-version":[{"id":67807,"href":"https:\/\/rubi5.com\/staging\/wp-json\/wp\/v2\/product\/63512\/revisions\/67807"}],"wp:featuredmedia":[{"embeddable":true,"href":"https:\/\/rubi5.com\/staging\/wp-json\/wp\/v2\/media\/63515"}],"wp:attachment":[{"href":"https:\/\/rubi5.com\/staging\/wp-json\/wp\/v2\/media?parent=63512"}],"wp:term":[{"taxonomy":"product_brand","embeddable":true,"href":"https:\/\/rubi5.com\/staging\/wp-json\/wp\/v2\/product_brand?post=63512"},{"taxonomy":"product_cat","embeddable":true,"href":"https:\/\/rubi5.com\/staging\/wp-json\/wp\/v2\/product_cat?post=63512"},{"taxonomy":"product_tag","embeddable":true,"href":"https:\/\/rubi5.com\/staging\/wp-json\/wp\/v2\/product_tag?post=63512"}],"curies":[{"name":"wp","href":"https:\/\/api.w.org\/{rel}","templated":true}]}}