{"id":63523,"date":"2024-07-31T08:04:31","date_gmt":"2024-07-31T06:04:31","guid":{"rendered":"https:\/\/rubi5.com\/?post_type=product&#038;p=63523"},"modified":"2025-01-29T13:23:49","modified_gmt":"2025-01-29T11:23:49","slug":"bic-metal-pro","status":"publish","type":"product","link":"https:\/\/rubi5.com\/staging\/bic-metal-pro\/","title":{"rendered":"BIC Metal Pro"},"content":{"rendered":"","protected":false},"excerpt":{"rendered":"<p>Dise\u00f1o met\u00e1lico moderno con una gran selecci\u00f3n de colores y acabados. M\u00e1xima comodidad de escritura, cartucho met\u00e1lico de origen Alem\u00e1n.<\/p>\n","protected":false},"featured_media":63526,"template":"","meta":{"_acf_changed":false},"product_brand":[],"product_cat":[43,886,317],"product_tag":[],"class_list":{"0":"post-63523","1":"product","2":"type-product","3":"status-publish","4":"has-post-thumbnail","6":"product_cat-escritura","7":"product_cat-boligrafos-bic","8":"product_cat-boligrafos-personalizados","10":"first","11":"instock","12":"taxable","13":"shipping-taxable","14":"purchasable","15":"product-type-variable"},"acf":[],"_links":{"self":[{"href":"https:\/\/rubi5.com\/staging\/wp-json\/wp\/v2\/product\/63523","targetHints":{"allow":["GET"]}}],"collection":[{"href":"https:\/\/rubi5.com\/staging\/wp-json\/wp\/v2\/product"}],"about":[{"href":"https:\/\/rubi5.com\/staging\/wp-json\/wp\/v2\/types\/product"}],"version-history":[{"count":1,"href":"https:\/\/rubi5.com\/staging\/wp-json\/wp\/v2\/product\/63523\/revisions"}],"predecessor-version":[{"id":63532,"href":"https:\/\/rubi5.com\/staging\/wp-json\/wp\/v2\/product\/63523\/revisions\/63532"}],"wp:featuredmedia":[{"embeddable":true,"href":"https:\/\/rubi5.com\/staging\/wp-json\/wp\/v2\/media\/63526"}],"wp:attachment":[{"href":"https:\/\/rubi5.com\/staging\/wp-json\/wp\/v2\/media?parent=63523"}],"wp:term":[{"taxonomy":"product_brand","embeddable":true,"href":"https:\/\/rubi5.com\/staging\/wp-json\/wp\/v2\/product_brand?post=63523"},{"taxonomy":"product_cat","embeddable":true,"href":"https:\/\/rubi5.com\/staging\/wp-json\/wp\/v2\/product_cat?post=63523"},{"taxonomy":"product_tag","embeddable":true,"href":"https:\/\/rubi5.com\/staging\/wp-json\/wp\/v2\/product_tag?post=63523"}],"curies":[{"name":"wp","href":"https:\/\/api.w.org\/{rel}","templated":true}]}}