{"id":63865,"date":"2024-08-13T11:01:32","date_gmt":"2024-08-13T09:01:32","guid":{"rendered":"https:\/\/rubi5.com\/?post_type=product&#038;p=63865"},"modified":"2025-06-27T12:30:09","modified_gmt":"2025-06-27T10:30:09","slug":"bolsa-algodon-kelso","status":"publish","type":"product","link":"https:\/\/rubi5.com\/staging\/bolsa-algodon-kelso\/","title":{"rendered":"Bolsa algod\u00f3n Kelso140g\/m2"},"content":{"rendered":"","protected":false},"excerpt":{"rendered":"<p>Bolsa de algod\u00f3n, compacta y resistente<\/p>\n<p>Su gramaje de 140\/m2 garantiza robustez sin renunciar a un precio econ\u00f3mico, capaz de sostener hasta 9kg.<\/p>\n<p>Las asas, con una longitud \u00f3ptima de 72cm, facilitan un transporte c\u00f3modo, ya sea en mano o al hombro.<\/p>\n<p><strong>Medidas: 38 x 42 cm\u00a0<\/strong><\/p>\n<p>Personal\u00edzala a medida y convi\u00e9rtela en tu aliada para las campa\u00f1as de promoci\u00f3n: desde guardar la compra hasta transportar el almuerzo al trabajo.<\/p>\n<p>Como regalo publicitario, es el balance perfecto entre funcionalidad, versatilidad y asequibilidad.<\/p>\n<p><strong>\u00a1Descubre la esencia del estilo sostenible!<\/strong><\/p>\n","protected":false},"featured_media":63927,"template":"","meta":{"_acf_changed":false},"product_brand":[],"product_cat":[219,196,21,1031],"product_tag":[],"class_list":{"0":"post-63865","1":"product","2":"type-product","3":"status-publish","4":"has-post-thumbnail","6":"product_cat-bolsas-de-tela","7":"product_cat-bolsas-personalizadas","8":"product_cat-bolsas-y-mochilas","9":"product_cat-novedades","11":"first","12":"instock","13":"taxable","14":"shipping-taxable","15":"purchasable","16":"product-type-variable"},"acf":[],"_links":{"self":[{"href":"https:\/\/rubi5.com\/staging\/wp-json\/wp\/v2\/product\/63865","targetHints":{"allow":["GET"]}}],"collection":[{"href":"https:\/\/rubi5.com\/staging\/wp-json\/wp\/v2\/product"}],"about":[{"href":"https:\/\/rubi5.com\/staging\/wp-json\/wp\/v2\/types\/product"}],"version-history":[{"count":1,"href":"https:\/\/rubi5.com\/staging\/wp-json\/wp\/v2\/product\/63865\/revisions"}],"predecessor-version":[{"id":63869,"href":"https:\/\/rubi5.com\/staging\/wp-json\/wp\/v2\/product\/63865\/revisions\/63869"}],"wp:featuredmedia":[{"embeddable":true,"href":"https:\/\/rubi5.com\/staging\/wp-json\/wp\/v2\/media\/63927"}],"wp:attachment":[{"href":"https:\/\/rubi5.com\/staging\/wp-json\/wp\/v2\/media?parent=63865"}],"wp:term":[{"taxonomy":"product_brand","embeddable":true,"href":"https:\/\/rubi5.com\/staging\/wp-json\/wp\/v2\/product_brand?post=63865"},{"taxonomy":"product_cat","embeddable":true,"href":"https:\/\/rubi5.com\/staging\/wp-json\/wp\/v2\/product_cat?post=63865"},{"taxonomy":"product_tag","embeddable":true,"href":"https:\/\/rubi5.com\/staging\/wp-json\/wp\/v2\/product_tag?post=63865"}],"curies":[{"name":"wp","href":"https:\/\/api.w.org\/{rel}","templated":true}]}}