{"id":64295,"date":"2024-09-12T07:32:21","date_gmt":"2024-09-12T05:32:21","guid":{"rendered":"https:\/\/rubi5.com\/?post_type=product&#038;p=64295"},"modified":"2026-01-22T11:14:31","modified_gmt":"2026-01-22T09:14:31","slug":"roller-de-aluminio-kasey","status":"publish","type":"product","link":"https:\/\/rubi5.com\/staging\/roller-de-aluminio-kasey\/","title":{"rendered":"Roller de aluminio Kasey"},"content":{"rendered":"","protected":false},"excerpt":{"rendered":"<p>Roller con clip met\u00e1lico y detalles pl\u00e1sticos en acabado rosado. Con cartucho jumbo, en tinta azul y cierre con capucha.<\/p>\n<p>Disponible en color blanco y en color negro. Presentado en elegante caja de dise\u00f1o negra.<\/p>\n<p>Podr\u00e1s personalizarlo a l\u00e1ser, donde quedar\u00e1 tu logotipo en color rosado. Pero si quieres personalizar este bol\u00edgrafo con el color de tu logo, cons\u00faltanos precio.<\/p>\n","protected":false},"featured_media":64298,"template":"","meta":{"_acf_changed":false},"product_brand":[],"product_cat":[319,317,973,43],"product_tag":[],"class_list":{"0":"post-64295","1":"product","2":"type-product","3":"status-publish","4":"has-post-thumbnail","6":"product_cat-boligrafos-metalicos","7":"product_cat-boligrafos-personalizados","8":"product_cat-boligrafos-roller","9":"product_cat-escritura","11":"first","12":"instock","13":"taxable","14":"shipping-taxable","15":"purchasable","16":"product-type-variable"},"acf":[],"_links":{"self":[{"href":"https:\/\/rubi5.com\/staging\/wp-json\/wp\/v2\/product\/64295","targetHints":{"allow":["GET"]}}],"collection":[{"href":"https:\/\/rubi5.com\/staging\/wp-json\/wp\/v2\/product"}],"about":[{"href":"https:\/\/rubi5.com\/staging\/wp-json\/wp\/v2\/types\/product"}],"version-history":[{"count":2,"href":"https:\/\/rubi5.com\/staging\/wp-json\/wp\/v2\/product\/64295\/revisions"}],"predecessor-version":[{"id":64304,"href":"https:\/\/rubi5.com\/staging\/wp-json\/wp\/v2\/product\/64295\/revisions\/64304"}],"wp:featuredmedia":[{"embeddable":true,"href":"https:\/\/rubi5.com\/staging\/wp-json\/wp\/v2\/media\/64298"}],"wp:attachment":[{"href":"https:\/\/rubi5.com\/staging\/wp-json\/wp\/v2\/media?parent=64295"}],"wp:term":[{"taxonomy":"product_brand","embeddable":true,"href":"https:\/\/rubi5.com\/staging\/wp-json\/wp\/v2\/product_brand?post=64295"},{"taxonomy":"product_cat","embeddable":true,"href":"https:\/\/rubi5.com\/staging\/wp-json\/wp\/v2\/product_cat?post=64295"},{"taxonomy":"product_tag","embeddable":true,"href":"https:\/\/rubi5.com\/staging\/wp-json\/wp\/v2\/product_tag?post=64295"}],"curies":[{"name":"wp","href":"https:\/\/api.w.org\/{rel}","templated":true}]}}