{"id":64306,"date":"2024-09-12T07:55:44","date_gmt":"2024-09-12T05:55:44","guid":{"rendered":"https:\/\/rubi5.com\/?post_type=product&#038;p=64306"},"modified":"2026-01-22T11:11:14","modified_gmt":"2026-01-22T09:11:14","slug":"nevera-de-papel-reciclado-zayka","status":"publish","type":"product","link":"https:\/\/rubi5.com\/staging\/nevera-de-papel-reciclado-zayka\/","title":{"rendered":"Nevera de papel reciclado Zayka"},"content":{"rendered":"","protected":false},"excerpt":{"rendered":"<p>Nevera de papel reciclado. Un art\u00edculo fabricado con elementos ecol\u00f3gicos, en un papel laminado resistente a la humedad, y con el interior isotermo acabado en aluminio. Mantendr\u00e1 fr\u00edo lo que guardes en ella, durante bastante tiempo.<\/p>\n<p>Con una capacidad para 6 latas, esta nevera personalizada, ser\u00e1 ideal para llevar a la playa, a la piscina, o incluso al trabajo el d\u00eda que tengas que quedarte a comer.<\/p>\n<p>Tiene una cremallera para cerrarla y un asa de transporte para llevarla c\u00f3modamente a cualquier parte. Con un bolsillo exterior que podr\u00e1s marcar con tu logotipo.<\/p>\n","protected":false},"featured_media":64310,"template":"","meta":{"_acf_changed":false},"product_brand":[],"product_cat":[370,199,928],"product_tag":[],"class_list":{"0":"post-64306","1":"product","2":"type-product","3":"status-publish","4":"has-post-thumbnail","6":"product_cat-neveras-personalizadas","7":"product_cat-hogar","8":"product_cat-regalos-de-cocina","10":"first","11":"instock","12":"taxable","13":"shipping-taxable","14":"purchasable","15":"product-type-simple"},"acf":[],"_links":{"self":[{"href":"https:\/\/rubi5.com\/staging\/wp-json\/wp\/v2\/product\/64306","targetHints":{"allow":["GET"]}}],"collection":[{"href":"https:\/\/rubi5.com\/staging\/wp-json\/wp\/v2\/product"}],"about":[{"href":"https:\/\/rubi5.com\/staging\/wp-json\/wp\/v2\/types\/product"}],"version-history":[{"count":1,"href":"https:\/\/rubi5.com\/staging\/wp-json\/wp\/v2\/product\/64306\/revisions"}],"predecessor-version":[{"id":64311,"href":"https:\/\/rubi5.com\/staging\/wp-json\/wp\/v2\/product\/64306\/revisions\/64311"}],"wp:featuredmedia":[{"embeddable":true,"href":"https:\/\/rubi5.com\/staging\/wp-json\/wp\/v2\/media\/64310"}],"wp:attachment":[{"href":"https:\/\/rubi5.com\/staging\/wp-json\/wp\/v2\/media?parent=64306"}],"wp:term":[{"taxonomy":"product_brand","embeddable":true,"href":"https:\/\/rubi5.com\/staging\/wp-json\/wp\/v2\/product_brand?post=64306"},{"taxonomy":"product_cat","embeddable":true,"href":"https:\/\/rubi5.com\/staging\/wp-json\/wp\/v2\/product_cat?post=64306"},{"taxonomy":"product_tag","embeddable":true,"href":"https:\/\/rubi5.com\/staging\/wp-json\/wp\/v2\/product_tag?post=64306"}],"curies":[{"name":"wp","href":"https:\/\/api.w.org\/{rel}","templated":true}]}}