{"id":64393,"date":"2024-09-20T11:45:43","date_gmt":"2024-09-20T09:45:43","guid":{"rendered":"https:\/\/rubi5.com\/?post_type=product&#038;p=64393"},"modified":"2026-01-22T11:14:32","modified_gmt":"2026-01-22T09:14:32","slug":"bolsa-dratinux","status":"publish","type":"product","link":"https:\/\/rubi5.com\/staging\/bolsa-dratinux\/","title":{"rendered":"Bolsa Dratinux"},"content":{"rendered":"","protected":false},"excerpt":{"rendered":"<p>Bolsa de algod\u00f3n reciclado GRS de 10&#215;14 cm, con cierre de cord\u00f3n. Fabricada en 100% algod\u00f3n reciclado de 120g\/m2, esta bolsa es ideal para almacenar peque\u00f1os objetos. Cuenta con una etiqueta exterior que certifica su origen reciclado. Adem\u00e1s, est\u00e1 disponible en una amplia gama de colores y cuenta con la certificaci\u00f3n GRS (Global Recycled Standard), garantizando el uso de materiales reciclados en su fabricaci\u00f3n. F\u00e1cil de personalizar para promociones.<\/p>\n<p><strong>Medidas: 10x 15 cm<\/strong><\/p>\n","protected":false},"featured_media":64405,"template":"","meta":{"_acf_changed":false},"product_brand":[],"product_cat":[196,219,21],"product_tag":[],"class_list":{"0":"post-64393","1":"product","2":"type-product","3":"status-publish","4":"has-post-thumbnail","6":"product_cat-bolsas-personalizadas","7":"product_cat-bolsas-de-tela","8":"product_cat-bolsas-y-mochilas","10":"first","11":"instock","12":"taxable","13":"shipping-taxable","14":"purchasable","15":"product-type-variable"},"acf":[],"_links":{"self":[{"href":"https:\/\/rubi5.com\/staging\/wp-json\/wp\/v2\/product\/64393","targetHints":{"allow":["GET"]}}],"collection":[{"href":"https:\/\/rubi5.com\/staging\/wp-json\/wp\/v2\/product"}],"about":[{"href":"https:\/\/rubi5.com\/staging\/wp-json\/wp\/v2\/types\/product"}],"version-history":[{"count":2,"href":"https:\/\/rubi5.com\/staging\/wp-json\/wp\/v2\/product\/64393\/revisions"}],"predecessor-version":[{"id":64421,"href":"https:\/\/rubi5.com\/staging\/wp-json\/wp\/v2\/product\/64393\/revisions\/64421"}],"wp:featuredmedia":[{"embeddable":true,"href":"https:\/\/rubi5.com\/staging\/wp-json\/wp\/v2\/media\/64405"}],"wp:attachment":[{"href":"https:\/\/rubi5.com\/staging\/wp-json\/wp\/v2\/media?parent=64393"}],"wp:term":[{"taxonomy":"product_brand","embeddable":true,"href":"https:\/\/rubi5.com\/staging\/wp-json\/wp\/v2\/product_brand?post=64393"},{"taxonomy":"product_cat","embeddable":true,"href":"https:\/\/rubi5.com\/staging\/wp-json\/wp\/v2\/product_cat?post=64393"},{"taxonomy":"product_tag","embeddable":true,"href":"https:\/\/rubi5.com\/staging\/wp-json\/wp\/v2\/product_tag?post=64393"}],"curies":[{"name":"wp","href":"https:\/\/api.w.org\/{rel}","templated":true}]}}