{"id":64406,"date":"2024-09-20T11:45:45","date_gmt":"2024-09-20T09:45:45","guid":{"rendered":"https:\/\/rubi5.com\/?post_type=product&#038;p=64406"},"modified":"2026-01-22T11:14:32","modified_gmt":"2026-01-22T09:14:32","slug":"bolsa-karzak","status":"publish","type":"product","link":"https:\/\/rubi5.com\/staging\/bolsa-karzak\/","title":{"rendered":"Bolsa Karzak"},"content":{"rendered":"","protected":false},"excerpt":{"rendered":"<div class=\"relative p-1 rounded-sm flex items-center justify-center bg-token-main-surface-primary text-token-text-primary h-8 w-8\">Bolsa eco-friendly fabricada en resistente material 100% algod\u00f3n reciclado de 120g\/m2, con certificaci\u00f3n GRS (Global Recycled Standard), que asegura el origen reciclado de sus materiales. Cuenta con un pr\u00e1ctico cierre de cord\u00f3n de algod\u00f3n y acabados cosidos de alta calidad. Incluye una etiqueta exterior con distintivo de algod\u00f3n reciclado, garantizando su sostenibilidad y compromiso con el medio ambiente.<\/div>\n<div><\/div>\n<div><strong>Medidas: 15x 21 cm<\/strong><\/div>\n","protected":false},"featured_media":64405,"template":"","meta":{"_acf_changed":false},"product_brand":[],"product_cat":[196,219,21],"product_tag":[],"class_list":{"0":"post-64406","1":"product","2":"type-product","3":"status-publish","4":"has-post-thumbnail","6":"product_cat-bolsas-personalizadas","7":"product_cat-bolsas-de-tela","8":"product_cat-bolsas-y-mochilas","10":"first","11":"instock","12":"taxable","13":"shipping-taxable","14":"purchasable","15":"product-type-variable"},"acf":[],"_links":{"self":[{"href":"https:\/\/rubi5.com\/staging\/wp-json\/wp\/v2\/product\/64406","targetHints":{"allow":["GET"]}}],"collection":[{"href":"https:\/\/rubi5.com\/staging\/wp-json\/wp\/v2\/product"}],"about":[{"href":"https:\/\/rubi5.com\/staging\/wp-json\/wp\/v2\/types\/product"}],"version-history":[{"count":2,"href":"https:\/\/rubi5.com\/staging\/wp-json\/wp\/v2\/product\/64406\/revisions"}],"predecessor-version":[{"id":64420,"href":"https:\/\/rubi5.com\/staging\/wp-json\/wp\/v2\/product\/64406\/revisions\/64420"}],"wp:featuredmedia":[{"embeddable":true,"href":"https:\/\/rubi5.com\/staging\/wp-json\/wp\/v2\/media\/64405"}],"wp:attachment":[{"href":"https:\/\/rubi5.com\/staging\/wp-json\/wp\/v2\/media?parent=64406"}],"wp:term":[{"taxonomy":"product_brand","embeddable":true,"href":"https:\/\/rubi5.com\/staging\/wp-json\/wp\/v2\/product_brand?post=64406"},{"taxonomy":"product_cat","embeddable":true,"href":"https:\/\/rubi5.com\/staging\/wp-json\/wp\/v2\/product_cat?post=64406"},{"taxonomy":"product_tag","embeddable":true,"href":"https:\/\/rubi5.com\/staging\/wp-json\/wp\/v2\/product_tag?post=64406"}],"curies":[{"name":"wp","href":"https:\/\/api.w.org\/{rel}","templated":true}]}}