{"id":64597,"date":"2024-09-26T12:40:56","date_gmt":"2024-09-26T10:40:56","guid":{"rendered":"https:\/\/rubi5.com\/?post_type=product&#038;p=64597"},"modified":"2026-01-22T11:14:32","modified_gmt":"2026-01-22T09:14:32","slug":"bolsa-plegable-lulu","status":"publish","type":"product","link":"https:\/\/rubi5.com\/staging\/bolsa-plegable-lulu\/","title":{"rendered":"Bolsa plegable Lulu"},"content":{"rendered":"","protected":false},"excerpt":{"rendered":"<p>Bolsa plegable de estilo natural, fabricada en 190T RPET, un material proveniente de pl\u00e1stico reciclado que promueve la reutilizaci\u00f3n de residuos y contribuye a la sostenibilidad del medio ambiente. De dise\u00f1o resistente, cuenta con asas largas reforzadas (70 x 2,5 cm) y un sistema de plegado compacto mediante cord\u00f3n con ajuste, lo que facilita su transporte. Disponible en varios colores, incluye una etiqueta exterior con el distintivo RPET. Capaz de soportar hasta 8 kg de peso.<\/p>\n","protected":false},"featured_media":64608,"template":"","meta":{"_acf_changed":false},"product_brand":[],"product_cat":[196,217,21],"product_tag":[],"class_list":{"0":"post-64597","1":"product","2":"type-product","3":"status-publish","4":"has-post-thumbnail","6":"product_cat-bolsas-personalizadas","7":"product_cat-bolsas-plegables","8":"product_cat-bolsas-y-mochilas","10":"first","11":"instock","12":"taxable","13":"shipping-taxable","14":"purchasable","15":"product-type-variable"},"acf":[],"_links":{"self":[{"href":"https:\/\/rubi5.com\/staging\/wp-json\/wp\/v2\/product\/64597","targetHints":{"allow":["GET"]}}],"collection":[{"href":"https:\/\/rubi5.com\/staging\/wp-json\/wp\/v2\/product"}],"about":[{"href":"https:\/\/rubi5.com\/staging\/wp-json\/wp\/v2\/types\/product"}],"version-history":[{"count":2,"href":"https:\/\/rubi5.com\/staging\/wp-json\/wp\/v2\/product\/64597\/revisions"}],"predecessor-version":[{"id":64606,"href":"https:\/\/rubi5.com\/staging\/wp-json\/wp\/v2\/product\/64597\/revisions\/64606"}],"wp:featuredmedia":[{"embeddable":true,"href":"https:\/\/rubi5.com\/staging\/wp-json\/wp\/v2\/media\/64608"}],"wp:attachment":[{"href":"https:\/\/rubi5.com\/staging\/wp-json\/wp\/v2\/media?parent=64597"}],"wp:term":[{"taxonomy":"product_brand","embeddable":true,"href":"https:\/\/rubi5.com\/staging\/wp-json\/wp\/v2\/product_brand?post=64597"},{"taxonomy":"product_cat","embeddable":true,"href":"https:\/\/rubi5.com\/staging\/wp-json\/wp\/v2\/product_cat?post=64597"},{"taxonomy":"product_tag","embeddable":true,"href":"https:\/\/rubi5.com\/staging\/wp-json\/wp\/v2\/product_tag?post=64597"}],"curies":[{"name":"wp","href":"https:\/\/api.w.org\/{rel}","templated":true}]}}