{"id":64695,"date":"2024-10-03T13:54:23","date_gmt":"2024-10-03T11:54:23","guid":{"rendered":"https:\/\/rubi5.com\/?post_type=product&#038;p=64695"},"modified":"2025-11-17T11:39:24","modified_gmt":"2025-11-17T09:39:24","slug":"lanyard-de-poliester-20mm-sublimado-a-2-caras","status":"publish","type":"product","link":"https:\/\/rubi5.com\/staging\/lanyard-de-poliester-20mm-sublimado-a-2-caras\/","title":{"rendered":"Lanyard cl\u00e1sico sublimado a 2 caras"},"content":{"rendered":"","protected":false},"excerpt":{"rendered":"<p>Lanyard de poli\u00e9ster para sublimaci\u00f3n. Un lanyard totalmente personalizado a tu gusto, donde podr\u00e1s elegir todos los complementos que quieras, adem\u00e1s de elegir el dise\u00f1o a todo color que quieres que vaya en la cinta.<\/p>\n<p>Permite grabar por las dos caras con el mismo dise\u00f1o o con dise\u00f1os diferentes. Pero tambi\u00e9n puedes personalizarlo solo por una cara.<\/p>\n<p>Adem\u00e1s, podr\u00e1s elegir entre diferentes opciones:<\/p>\n<ul>\n<li>Personalizar una o dos caras. Si eliges la opci\u00f3n de dos caras, \u00bflas dos ser\u00e1n con el mismo dise\u00f1o o con diferentes?<\/li>\n<li>El ancho del lanyard: 10-15-20-25 mm.<\/li>\n<li>Con o sin mosquet\u00f3n.<\/li>\n<li>Con o sin hebilla en la parte inferior del lanyard.<\/li>\n<li>Con o sin cierre de seguridad.<\/li>\n<li>A\u00f1adir el portaacreditaciones de pl\u00e1stico.<\/li>\n<\/ul>\n<p>Si quieres un lanyard personalizado al 100% por tus gustos, <strong><a href=\"mailto: marketing@rubi5.com\">P\u00cdDENOS PRESUPUESTO<\/a>.<\/strong><\/p>\n","protected":false},"featured_media":63062,"template":"","meta":{"_acf_changed":false},"product_brand":[],"product_cat":[965,946,54,256],"product_tag":[],"class_list":{"0":"post-64695","1":"product","2":"type-product","3":"status-publish","4":"has-post-thumbnail","6":"product_cat-edredones-a-medida","7":"product_cat-accesorios-para-eventos","8":"product_cat-eventos","9":"product_cat-lanyards-personalizados","11":"first","12":"instock","13":"taxable","14":"shipping-taxable","15":"product-type-external"},"acf":[],"_links":{"self":[{"href":"https:\/\/rubi5.com\/staging\/wp-json\/wp\/v2\/product\/64695","targetHints":{"allow":["GET"]}}],"collection":[{"href":"https:\/\/rubi5.com\/staging\/wp-json\/wp\/v2\/product"}],"about":[{"href":"https:\/\/rubi5.com\/staging\/wp-json\/wp\/v2\/types\/product"}],"version-history":[{"count":6,"href":"https:\/\/rubi5.com\/staging\/wp-json\/wp\/v2\/product\/64695\/revisions"}],"predecessor-version":[{"id":67146,"href":"https:\/\/rubi5.com\/staging\/wp-json\/wp\/v2\/product\/64695\/revisions\/67146"}],"wp:featuredmedia":[{"embeddable":true,"href":"https:\/\/rubi5.com\/staging\/wp-json\/wp\/v2\/media\/63062"}],"wp:attachment":[{"href":"https:\/\/rubi5.com\/staging\/wp-json\/wp\/v2\/media?parent=64695"}],"wp:term":[{"taxonomy":"product_brand","embeddable":true,"href":"https:\/\/rubi5.com\/staging\/wp-json\/wp\/v2\/product_brand?post=64695"},{"taxonomy":"product_cat","embeddable":true,"href":"https:\/\/rubi5.com\/staging\/wp-json\/wp\/v2\/product_cat?post=64695"},{"taxonomy":"product_tag","embeddable":true,"href":"https:\/\/rubi5.com\/staging\/wp-json\/wp\/v2\/product_tag?post=64695"}],"curies":[{"name":"wp","href":"https:\/\/api.w.org\/{rel}","templated":true}]}}