{"id":64844,"date":"2024-10-08T12:27:50","date_gmt":"2024-10-08T10:27:50","guid":{"rendered":"https:\/\/rubi5.com\/?post_type=product&#038;p=64844"},"modified":"2025-01-23T12:47:31","modified_gmt":"2025-01-23T10:47:31","slug":"mochila-maletin-portatil-laugar","status":"publish","type":"product","link":"https:\/\/rubi5.com\/staging\/mochila-maletin-portatil-laugar\/","title":{"rendered":"Mochila malet\u00edn port\u00e1til Laugar"},"content":{"rendered":"","protected":false},"excerpt":{"rendered":"<p>Mochila malet\u00edn para port\u00e1til de 15&#8221; de 300D RPET y forro de 210D RPET. Compartimento para port\u00e1til, 2 bolsillos internos, 2 bolsillos internos para bol\u00edgrafos y asas acolchadas. Incluye soporte para troley. Disponible en varios colores.<\/p>\n","protected":false},"featured_media":64845,"template":"","meta":{"_acf_changed":false},"product_brand":[],"product_cat":[224,21,220],"product_tag":[],"class_list":{"0":"post-64844","1":"product","2":"type-product","3":"status-publish","4":"has-post-thumbnail","6":"product_cat-mochilas-para-portatil","7":"product_cat-bolsas-y-mochilas","8":"product_cat-mochilas-personalizadas","10":"first","11":"instock","12":"taxable","13":"shipping-taxable","14":"purchasable","15":"product-type-variable"},"acf":[],"_links":{"self":[{"href":"https:\/\/rubi5.com\/staging\/wp-json\/wp\/v2\/product\/64844","targetHints":{"allow":["GET"]}}],"collection":[{"href":"https:\/\/rubi5.com\/staging\/wp-json\/wp\/v2\/product"}],"about":[{"href":"https:\/\/rubi5.com\/staging\/wp-json\/wp\/v2\/types\/product"}],"version-history":[{"count":1,"href":"https:\/\/rubi5.com\/staging\/wp-json\/wp\/v2\/product\/64844\/revisions"}],"predecessor-version":[{"id":64858,"href":"https:\/\/rubi5.com\/staging\/wp-json\/wp\/v2\/product\/64844\/revisions\/64858"}],"wp:featuredmedia":[{"embeddable":true,"href":"https:\/\/rubi5.com\/staging\/wp-json\/wp\/v2\/media\/64845"}],"wp:attachment":[{"href":"https:\/\/rubi5.com\/staging\/wp-json\/wp\/v2\/media?parent=64844"}],"wp:term":[{"taxonomy":"product_brand","embeddable":true,"href":"https:\/\/rubi5.com\/staging\/wp-json\/wp\/v2\/product_brand?post=64844"},{"taxonomy":"product_cat","embeddable":true,"href":"https:\/\/rubi5.com\/staging\/wp-json\/wp\/v2\/product_cat?post=64844"},{"taxonomy":"product_tag","embeddable":true,"href":"https:\/\/rubi5.com\/staging\/wp-json\/wp\/v2\/product_tag?post=64844"}],"curies":[{"name":"wp","href":"https:\/\/api.w.org\/{rel}","templated":true}]}}