{"id":65092,"date":"2024-10-14T11:41:23","date_gmt":"2024-10-14T09:41:23","guid":{"rendered":"https:\/\/rubi5.com\/?post_type=product&#038;p=65092"},"modified":"2025-05-26T10:02:50","modified_gmt":"2025-05-26T08:02:50","slug":"libreta-con-boligrafo-danko","status":"publish","type":"product","link":"https:\/\/rubi5.com\/staging\/libreta-con-boligrafo-danko\/","title":{"rendered":"Libreta con bol\u00edgrafo Danko"},"content":{"rendered":"","protected":false},"excerpt":{"rendered":"<p>Libreta de anillas de cart\u00f3n con bol\u00edgrafo incluido en colores variados. Contiene 60 hojas blancas. Medidas: 17,80 x 21 cm<\/p>\n","protected":false},"featured_media":65093,"template":"","meta":{"_acf_changed":false},"product_brand":[],"product_cat":[33,932,247,1031],"product_tag":[],"class_list":{"0":"post-65092","1":"product","2":"type-product","3":"status-publish","4":"has-post-thumbnail","6":"product_cat-oficina","7":"product_cat-libretas-de-anillas","8":"product_cat-libretas-personalizadas","9":"product_cat-novedades","11":"first","12":"instock","13":"taxable","14":"shipping-taxable","15":"purchasable","16":"product-type-variable"},"acf":[],"_links":{"self":[{"href":"https:\/\/rubi5.com\/staging\/wp-json\/wp\/v2\/product\/65092","targetHints":{"allow":["GET"]}}],"collection":[{"href":"https:\/\/rubi5.com\/staging\/wp-json\/wp\/v2\/product"}],"about":[{"href":"https:\/\/rubi5.com\/staging\/wp-json\/wp\/v2\/types\/product"}],"version-history":[{"count":3,"href":"https:\/\/rubi5.com\/staging\/wp-json\/wp\/v2\/product\/65092\/revisions"}],"predecessor-version":[{"id":67196,"href":"https:\/\/rubi5.com\/staging\/wp-json\/wp\/v2\/product\/65092\/revisions\/67196"}],"wp:featuredmedia":[{"embeddable":true,"href":"https:\/\/rubi5.com\/staging\/wp-json\/wp\/v2\/media\/65093"}],"wp:attachment":[{"href":"https:\/\/rubi5.com\/staging\/wp-json\/wp\/v2\/media?parent=65092"}],"wp:term":[{"taxonomy":"product_brand","embeddable":true,"href":"https:\/\/rubi5.com\/staging\/wp-json\/wp\/v2\/product_brand?post=65092"},{"taxonomy":"product_cat","embeddable":true,"href":"https:\/\/rubi5.com\/staging\/wp-json\/wp\/v2\/product_cat?post=65092"},{"taxonomy":"product_tag","embeddable":true,"href":"https:\/\/rubi5.com\/staging\/wp-json\/wp\/v2\/product_tag?post=65092"}],"curies":[{"name":"wp","href":"https:\/\/api.w.org\/{rel}","templated":true}]}}