{"id":65992,"date":"2024-10-29T10:14:45","date_gmt":"2024-10-29T08:14:45","guid":{"rendered":"https:\/\/rubi5.com\/?post_type=product&#038;p=65992"},"modified":"2026-01-22T11:14:32","modified_gmt":"2026-01-22T09:14:32","slug":"boligrafo-de-cana-de-trigo-peters","status":"publish","type":"product","link":"https:\/\/rubi5.com\/staging\/boligrafo-de-cana-de-trigo-peters\/","title":{"rendered":"Bol\u00edgrafo de ca\u00f1a de trigo Peters"},"content":{"rendered":"","protected":false},"excerpt":{"rendered":"<p>Bol\u00edgrafo de ca\u00f1a de trigo y ABS con mecanismo pulsador. El bol\u00edgrafo tiene el logotipo Wheat Straw\u00a0 grabado en la parte superior. Disponible en variada gama de colores.\u00a0 Tinta azul.<\/p>\n","protected":false},"featured_media":66041,"template":"","meta":{"_acf_changed":false},"product_brand":[],"product_cat":[320,317,43,1031],"product_tag":[],"class_list":{"0":"post-65992","1":"product","2":"type-product","3":"status-publish","4":"has-post-thumbnail","6":"product_cat-boligrafos-ecologicos","7":"product_cat-boligrafos-personalizados","8":"product_cat-escritura","9":"product_cat-novedades","11":"first","12":"instock","13":"taxable","14":"shipping-taxable","15":"purchasable","16":"product-type-variable"},"acf":[],"_links":{"self":[{"href":"https:\/\/rubi5.com\/staging\/wp-json\/wp\/v2\/product\/65992","targetHints":{"allow":["GET"]}}],"collection":[{"href":"https:\/\/rubi5.com\/staging\/wp-json\/wp\/v2\/product"}],"about":[{"href":"https:\/\/rubi5.com\/staging\/wp-json\/wp\/v2\/types\/product"}],"version-history":[{"count":1,"href":"https:\/\/rubi5.com\/staging\/wp-json\/wp\/v2\/product\/65992\/revisions"}],"predecessor-version":[{"id":66007,"href":"https:\/\/rubi5.com\/staging\/wp-json\/wp\/v2\/product\/65992\/revisions\/66007"}],"wp:featuredmedia":[{"embeddable":true,"href":"https:\/\/rubi5.com\/staging\/wp-json\/wp\/v2\/media\/66041"}],"wp:attachment":[{"href":"https:\/\/rubi5.com\/staging\/wp-json\/wp\/v2\/media?parent=65992"}],"wp:term":[{"taxonomy":"product_brand","embeddable":true,"href":"https:\/\/rubi5.com\/staging\/wp-json\/wp\/v2\/product_brand?post=65992"},{"taxonomy":"product_cat","embeddable":true,"href":"https:\/\/rubi5.com\/staging\/wp-json\/wp\/v2\/product_cat?post=65992"},{"taxonomy":"product_tag","embeddable":true,"href":"https:\/\/rubi5.com\/staging\/wp-json\/wp\/v2\/product_tag?post=65992"}],"curies":[{"name":"wp","href":"https:\/\/api.w.org\/{rel}","templated":true}]}}