{"id":66058,"date":"2024-10-29T13:41:17","date_gmt":"2024-10-29T11:41:17","guid":{"rendered":"https:\/\/rubi5.com\/?post_type=product&#038;p=66058"},"modified":"2026-01-22T11:14:32","modified_gmt":"2026-01-22T09:14:32","slug":"bidon-rpet-650ml-tournax","status":"publish","type":"product","link":"https:\/\/rubi5.com\/staging\/bidon-rpet-650ml-tournax\/","title":{"rendered":"Bid\u00f3n RPET 650ml Tournax"},"content":{"rendered":"","protected":false},"excerpt":{"rendered":"<p>Bid\u00f3n fabricado en RPET de 650 ml de capacidad, libre de BPA. Tiene el tap\u00f3n a rosca en bamb\u00fa y cord\u00f3n de transporte trenzado. Disponible en variada gama de colores. Presentado individualmente en bolsa de papel.<\/p>\n","protected":false},"featured_media":66070,"template":"","meta":{"_acf_changed":false},"product_brand":[],"product_cat":[234,233,1031,30],"product_tag":[],"class_list":{"0":"post-66058","1":"product","2":"type-product","3":"status-publish","4":"has-post-thumbnail","6":"product_cat-botellas-reutilizables","7":"product_cat-botellas-personalizadas","8":"product_cat-novedades","9":"product_cat-tazas-y-botellas","11":"first","12":"instock","13":"taxable","14":"shipping-taxable","15":"purchasable","16":"product-type-variable"},"acf":[],"_links":{"self":[{"href":"https:\/\/rubi5.com\/staging\/wp-json\/wp\/v2\/product\/66058","targetHints":{"allow":["GET"]}}],"collection":[{"href":"https:\/\/rubi5.com\/staging\/wp-json\/wp\/v2\/product"}],"about":[{"href":"https:\/\/rubi5.com\/staging\/wp-json\/wp\/v2\/types\/product"}],"version-history":[{"count":1,"href":"https:\/\/rubi5.com\/staging\/wp-json\/wp\/v2\/product\/66058\/revisions"}],"predecessor-version":[{"id":66069,"href":"https:\/\/rubi5.com\/staging\/wp-json\/wp\/v2\/product\/66058\/revisions\/66069"}],"wp:featuredmedia":[{"embeddable":true,"href":"https:\/\/rubi5.com\/staging\/wp-json\/wp\/v2\/media\/66070"}],"wp:attachment":[{"href":"https:\/\/rubi5.com\/staging\/wp-json\/wp\/v2\/media?parent=66058"}],"wp:term":[{"taxonomy":"product_brand","embeddable":true,"href":"https:\/\/rubi5.com\/staging\/wp-json\/wp\/v2\/product_brand?post=66058"},{"taxonomy":"product_cat","embeddable":true,"href":"https:\/\/rubi5.com\/staging\/wp-json\/wp\/v2\/product_cat?post=66058"},{"taxonomy":"product_tag","embeddable":true,"href":"https:\/\/rubi5.com\/staging\/wp-json\/wp\/v2\/product_tag?post=66058"}],"curies":[{"name":"wp","href":"https:\/\/api.w.org\/{rel}","templated":true}]}}