{"id":66605,"date":"2024-11-20T10:41:13","date_gmt":"2024-11-20T08:41:13","guid":{"rendered":"https:\/\/rubi5.com\/?post_type=product&#038;p=66605"},"modified":"2026-01-22T11:11:08","modified_gmt":"2026-01-22T09:11:08","slug":"gorro-de-navidad-coyfel","status":"publish","type":"product","link":"https:\/\/rubi5.com\/staging\/gorro-de-navidad-coyfel\/","title":{"rendered":"Gorro de navidad Coyfel"},"content":{"rendered":"","protected":false},"excerpt":{"rendered":"<p>Gorro de Navidad de Pap\u00e1 Noel fabricado en RPET con suave banda y pom pom de color blanco. El material RPET se elabora a partir de pl\u00e1stico reciclado, para as\u00ed fomentar la reutilizaci\u00f3n de residuos pl\u00e1sticos y ayudar a la sostenibilidad del planeta.<\/p>\n","protected":false},"featured_media":66607,"template":"","meta":{"_acf_changed":false},"product_brand":[],"product_cat":[1044,980,967],"product_tag":[],"class_list":{"0":"post-66605","1":"product","2":"type-product","3":"status-publish","4":"has-post-thumbnail","6":"product_cat-gorros-de-navidad","7":"product_cat-mas-regalos","8":"product_cat-regalos-de-navidad","10":"first","11":"instock","12":"taxable","13":"shipping-taxable","14":"purchasable","15":"product-type-simple"},"acf":[],"_links":{"self":[{"href":"https:\/\/rubi5.com\/staging\/wp-json\/wp\/v2\/product\/66605","targetHints":{"allow":["GET"]}}],"collection":[{"href":"https:\/\/rubi5.com\/staging\/wp-json\/wp\/v2\/product"}],"about":[{"href":"https:\/\/rubi5.com\/staging\/wp-json\/wp\/v2\/types\/product"}],"version-history":[{"count":2,"href":"https:\/\/rubi5.com\/staging\/wp-json\/wp\/v2\/product\/66605\/revisions"}],"predecessor-version":[{"id":66609,"href":"https:\/\/rubi5.com\/staging\/wp-json\/wp\/v2\/product\/66605\/revisions\/66609"}],"wp:featuredmedia":[{"embeddable":true,"href":"https:\/\/rubi5.com\/staging\/wp-json\/wp\/v2\/media\/66607"}],"wp:attachment":[{"href":"https:\/\/rubi5.com\/staging\/wp-json\/wp\/v2\/media?parent=66605"}],"wp:term":[{"taxonomy":"product_brand","embeddable":true,"href":"https:\/\/rubi5.com\/staging\/wp-json\/wp\/v2\/product_brand?post=66605"},{"taxonomy":"product_cat","embeddable":true,"href":"https:\/\/rubi5.com\/staging\/wp-json\/wp\/v2\/product_cat?post=66605"},{"taxonomy":"product_tag","embeddable":true,"href":"https:\/\/rubi5.com\/staging\/wp-json\/wp\/v2\/product_tag?post=66605"}],"curies":[{"name":"wp","href":"https:\/\/api.w.org\/{rel}","templated":true}]}}