{"id":66691,"date":"2024-11-27T14:44:43","date_gmt":"2024-11-27T12:44:43","guid":{"rendered":"https:\/\/rubi5.com\/?post_type=product&#038;p=66691"},"modified":"2026-01-22T11:11:07","modified_gmt":"2026-01-22T09:11:07","slug":"taza-navidena-helogran","status":"publish","type":"product","link":"https:\/\/rubi5.com\/staging\/taza-navidena-helogran\/","title":{"rendered":"Taza navide\u00f1a Helogran"},"content":{"rendered":"","protected":false},"excerpt":{"rendered":"<p>Taza de cer\u00e1mica de 300 ml de capacidad con dise\u00f1o navide\u00f1o de copos de nieve. Disponible en rojo o en blanco mate. Incluye una tapa fabricada en bamb\u00fa.<\/p>\n","protected":false},"featured_media":66692,"template":"","meta":{"_acf_changed":false},"product_brand":[],"product_cat":[976,980,967,230,30],"product_tag":[],"class_list":{"0":"post-66691","1":"product","2":"type-product","3":"status-publish","4":"has-post-thumbnail","6":"product_cat-tazas-navidenas","7":"product_cat-mas-regalos","8":"product_cat-regalos-de-navidad","9":"product_cat-tazas-personalizadas","10":"product_cat-tazas-y-botellas","12":"first","13":"instock","14":"taxable","15":"shipping-taxable","16":"product-type-variable"},"acf":[],"_links":{"self":[{"href":"https:\/\/rubi5.com\/staging\/wp-json\/wp\/v2\/product\/66691","targetHints":{"allow":["GET"]}}],"collection":[{"href":"https:\/\/rubi5.com\/staging\/wp-json\/wp\/v2\/product"}],"about":[{"href":"https:\/\/rubi5.com\/staging\/wp-json\/wp\/v2\/types\/product"}],"version-history":[{"count":1,"href":"https:\/\/rubi5.com\/staging\/wp-json\/wp\/v2\/product\/66691\/revisions"}],"predecessor-version":[{"id":66698,"href":"https:\/\/rubi5.com\/staging\/wp-json\/wp\/v2\/product\/66691\/revisions\/66698"}],"wp:featuredmedia":[{"embeddable":true,"href":"https:\/\/rubi5.com\/staging\/wp-json\/wp\/v2\/media\/66692"}],"wp:attachment":[{"href":"https:\/\/rubi5.com\/staging\/wp-json\/wp\/v2\/media?parent=66691"}],"wp:term":[{"taxonomy":"product_brand","embeddable":true,"href":"https:\/\/rubi5.com\/staging\/wp-json\/wp\/v2\/product_brand?post=66691"},{"taxonomy":"product_cat","embeddable":true,"href":"https:\/\/rubi5.com\/staging\/wp-json\/wp\/v2\/product_cat?post=66691"},{"taxonomy":"product_tag","embeddable":true,"href":"https:\/\/rubi5.com\/staging\/wp-json\/wp\/v2\/product_tag?post=66691"}],"curies":[{"name":"wp","href":"https:\/\/api.w.org\/{rel}","templated":true}]}}