{"id":66699,"date":"2024-11-27T14:50:25","date_gmt":"2024-11-27T12:50:25","guid":{"rendered":"https:\/\/rubi5.com\/?post_type=product&#038;p=66699"},"modified":"2026-01-22T11:11:07","modified_gmt":"2026-01-22T09:11:07","slug":"vela-aromatica-navidena-lilnax","status":"publish","type":"product","link":"https:\/\/rubi5.com\/staging\/vela-aromatica-navidena-lilnax\/","title":{"rendered":"Vela arom\u00e1tica navide\u00f1a Lilnax"},"content":{"rendered":"","protected":false},"excerpt":{"rendered":"<p>Vela con dise\u00f1o navide\u00f1o con aroma vainilla. Fabricada en cristal, con tapa de madera pulida y relieve dise\u00f1ado en forma de copo de nieve. Presentada en caja individual kraft.<\/p>\n","protected":false},"featured_media":66700,"template":"","meta":{"_acf_changed":false},"product_brand":[],"product_cat":[972,980,967,187],"product_tag":[],"class_list":{"0":"post-66699","1":"product","2":"type-product","3":"status-publish","4":"has-post-thumbnail","6":"product_cat-velas-aromaticas","7":"product_cat-mas-regalos","8":"product_cat-regalos-de-navidad","9":"product_cat-salud-y-bienestar","11":"first","12":"instock","13":"taxable","14":"shipping-taxable","15":"purchasable","16":"product-type-simple"},"acf":[],"_links":{"self":[{"href":"https:\/\/rubi5.com\/staging\/wp-json\/wp\/v2\/product\/66699","targetHints":{"allow":["GET"]}}],"collection":[{"href":"https:\/\/rubi5.com\/staging\/wp-json\/wp\/v2\/product"}],"about":[{"href":"https:\/\/rubi5.com\/staging\/wp-json\/wp\/v2\/types\/product"}],"version-history":[{"count":1,"href":"https:\/\/rubi5.com\/staging\/wp-json\/wp\/v2\/product\/66699\/revisions"}],"predecessor-version":[{"id":66703,"href":"https:\/\/rubi5.com\/staging\/wp-json\/wp\/v2\/product\/66699\/revisions\/66703"}],"wp:featuredmedia":[{"embeddable":true,"href":"https:\/\/rubi5.com\/staging\/wp-json\/wp\/v2\/media\/66700"}],"wp:attachment":[{"href":"https:\/\/rubi5.com\/staging\/wp-json\/wp\/v2\/media?parent=66699"}],"wp:term":[{"taxonomy":"product_brand","embeddable":true,"href":"https:\/\/rubi5.com\/staging\/wp-json\/wp\/v2\/product_brand?post=66699"},{"taxonomy":"product_cat","embeddable":true,"href":"https:\/\/rubi5.com\/staging\/wp-json\/wp\/v2\/product_cat?post=66699"},{"taxonomy":"product_tag","embeddable":true,"href":"https:\/\/rubi5.com\/staging\/wp-json\/wp\/v2\/product_tag?post=66699"}],"curies":[{"name":"wp","href":"https:\/\/api.w.org\/{rel}","templated":true}]}}