{"id":66733,"date":"2024-11-28T11:28:34","date_gmt":"2024-11-28T09:28:34","guid":{"rendered":"https:\/\/rubi5.com\/?post_type=product&#038;p=66733"},"modified":"2024-11-28T11:28:34","modified_gmt":"2024-11-28T09:28:34","slug":"libreta-iman-navidena-sami","status":"publish","type":"product","link":"https:\/\/rubi5.com\/staging\/libreta-iman-navidena-sami\/","title":{"rendered":"Libreta im\u00e1n navide\u00f1a Sami"},"content":{"rendered":"","protected":false},"excerpt":{"rendered":"<p>Bloc de notas imantado de Navidad con l\u00e1piz incluido. El bloc de notas contiene 40 hojas.<\/p>\n","protected":false},"featured_media":66734,"template":"","meta":{"_acf_changed":false},"product_brand":[],"product_cat":[985,980,967],"product_tag":[],"class_list":{"0":"post-66733","1":"product","2":"type-product","3":"status-publish","4":"has-post-thumbnail","6":"product_cat-libretas-navidenas","7":"product_cat-mas-regalos","8":"product_cat-regalos-de-navidad","10":"first","11":"instock","12":"taxable","13":"shipping-taxable","14":"purchasable","15":"product-type-simple"},"acf":[],"_links":{"self":[{"href":"https:\/\/rubi5.com\/staging\/wp-json\/wp\/v2\/product\/66733","targetHints":{"allow":["GET"]}}],"collection":[{"href":"https:\/\/rubi5.com\/staging\/wp-json\/wp\/v2\/product"}],"about":[{"href":"https:\/\/rubi5.com\/staging\/wp-json\/wp\/v2\/types\/product"}],"version-history":[{"count":2,"href":"https:\/\/rubi5.com\/staging\/wp-json\/wp\/v2\/product\/66733\/revisions"}],"predecessor-version":[{"id":66737,"href":"https:\/\/rubi5.com\/staging\/wp-json\/wp\/v2\/product\/66733\/revisions\/66737"}],"wp:featuredmedia":[{"embeddable":true,"href":"https:\/\/rubi5.com\/staging\/wp-json\/wp\/v2\/media\/66734"}],"wp:attachment":[{"href":"https:\/\/rubi5.com\/staging\/wp-json\/wp\/v2\/media?parent=66733"}],"wp:term":[{"taxonomy":"product_brand","embeddable":true,"href":"https:\/\/rubi5.com\/staging\/wp-json\/wp\/v2\/product_brand?post=66733"},{"taxonomy":"product_cat","embeddable":true,"href":"https:\/\/rubi5.com\/staging\/wp-json\/wp\/v2\/product_cat?post=66733"},{"taxonomy":"product_tag","embeddable":true,"href":"https:\/\/rubi5.com\/staging\/wp-json\/wp\/v2\/product_tag?post=66733"}],"curies":[{"name":"wp","href":"https:\/\/api.w.org\/{rel}","templated":true}]}}