{"id":66738,"date":"2024-11-28T11:35:32","date_gmt":"2024-11-28T09:35:32","guid":{"rendered":"https:\/\/rubi5.com\/?post_type=product&#038;p=66738"},"modified":"2024-11-28T11:38:53","modified_gmt":"2024-11-28T09:38:53","slug":"boligrafo-navideno-pukki","status":"publish","type":"product","link":"https:\/\/rubi5.com\/staging\/boligrafo-navideno-pukki\/","title":{"rendered":"Bol\u00edgrafo navide\u00f1o Pukki"},"content":{"rendered":"","protected":false},"excerpt":{"rendered":"<p>Original bol\u00edgrafo navide\u00f1o en color rojo con mu\u00f1eco de Pap\u00e1 Noel.<\/p>\n","protected":false},"featured_media":66739,"template":"","meta":{"_acf_changed":false},"product_brand":[],"product_cat":[980,317,43,967],"product_tag":[],"class_list":{"0":"post-66738","1":"product","2":"type-product","3":"status-publish","4":"has-post-thumbnail","6":"product_cat-mas-regalos","7":"product_cat-boligrafos-personalizados","8":"product_cat-escritura","9":"product_cat-regalos-de-navidad","11":"first","12":"instock","13":"taxable","14":"shipping-taxable","15":"purchasable","16":"product-type-simple"},"acf":[],"_links":{"self":[{"href":"https:\/\/rubi5.com\/staging\/wp-json\/wp\/v2\/product\/66738","targetHints":{"allow":["GET"]}}],"collection":[{"href":"https:\/\/rubi5.com\/staging\/wp-json\/wp\/v2\/product"}],"about":[{"href":"https:\/\/rubi5.com\/staging\/wp-json\/wp\/v2\/types\/product"}],"version-history":[{"count":2,"href":"https:\/\/rubi5.com\/staging\/wp-json\/wp\/v2\/product\/66738\/revisions"}],"predecessor-version":[{"id":66742,"href":"https:\/\/rubi5.com\/staging\/wp-json\/wp\/v2\/product\/66738\/revisions\/66742"}],"wp:featuredmedia":[{"embeddable":true,"href":"https:\/\/rubi5.com\/staging\/wp-json\/wp\/v2\/media\/66739"}],"wp:attachment":[{"href":"https:\/\/rubi5.com\/staging\/wp-json\/wp\/v2\/media?parent=66738"}],"wp:term":[{"taxonomy":"product_brand","embeddable":true,"href":"https:\/\/rubi5.com\/staging\/wp-json\/wp\/v2\/product_brand?post=66738"},{"taxonomy":"product_cat","embeddable":true,"href":"https:\/\/rubi5.com\/staging\/wp-json\/wp\/v2\/product_cat?post=66738"},{"taxonomy":"product_tag","embeddable":true,"href":"https:\/\/rubi5.com\/staging\/wp-json\/wp\/v2\/product_tag?post=66738"}],"curies":[{"name":"wp","href":"https:\/\/api.w.org\/{rel}","templated":true}]}}