{"id":66743,"date":"2024-11-28T11:49:43","date_gmt":"2024-11-28T09:49:43","guid":{"rendered":"https:\/\/rubi5.com\/?post_type=product&#038;p=66743"},"modified":"2024-11-28T11:49:44","modified_gmt":"2024-11-28T09:49:44","slug":"gorro-navideno-para-mascotas-pipo","status":"publish","type":"product","link":"https:\/\/rubi5.com\/staging\/gorro-navideno-para-mascotas-pipo\/","title":{"rendered":"Gorro navide\u00f1o para mascotas Pipo"},"content":{"rendered":"","protected":false},"excerpt":{"rendered":"<p>Divertido gorro navide\u00f1o de Pap\u00e1 Noel para mascotas en color rojo.<\/p>\n","protected":false},"featured_media":66746,"template":"","meta":{"_acf_changed":false},"product_brand":[],"product_cat":[1044,980,967],"product_tag":[],"class_list":{"0":"post-66743","1":"product","2":"type-product","3":"status-publish","4":"has-post-thumbnail","6":"product_cat-gorros-de-navidad","7":"product_cat-mas-regalos","8":"product_cat-regalos-de-navidad","10":"first","11":"instock","12":"taxable","13":"shipping-taxable","14":"purchasable","15":"product-type-simple"},"acf":[],"_links":{"self":[{"href":"https:\/\/rubi5.com\/staging\/wp-json\/wp\/v2\/product\/66743","targetHints":{"allow":["GET"]}}],"collection":[{"href":"https:\/\/rubi5.com\/staging\/wp-json\/wp\/v2\/product"}],"about":[{"href":"https:\/\/rubi5.com\/staging\/wp-json\/wp\/v2\/types\/product"}],"version-history":[{"count":2,"href":"https:\/\/rubi5.com\/staging\/wp-json\/wp\/v2\/product\/66743\/revisions"}],"predecessor-version":[{"id":66748,"href":"https:\/\/rubi5.com\/staging\/wp-json\/wp\/v2\/product\/66743\/revisions\/66748"}],"wp:featuredmedia":[{"embeddable":true,"href":"https:\/\/rubi5.com\/staging\/wp-json\/wp\/v2\/media\/66746"}],"wp:attachment":[{"href":"https:\/\/rubi5.com\/staging\/wp-json\/wp\/v2\/media?parent=66743"}],"wp:term":[{"taxonomy":"product_brand","embeddable":true,"href":"https:\/\/rubi5.com\/staging\/wp-json\/wp\/v2\/product_brand?post=66743"},{"taxonomy":"product_cat","embeddable":true,"href":"https:\/\/rubi5.com\/staging\/wp-json\/wp\/v2\/product_cat?post=66743"},{"taxonomy":"product_tag","embeddable":true,"href":"https:\/\/rubi5.com\/staging\/wp-json\/wp\/v2\/product_tag?post=66743"}],"curies":[{"name":"wp","href":"https:\/\/api.w.org\/{rel}","templated":true}]}}