{"id":66749,"date":"2024-11-28T13:19:08","date_gmt":"2024-11-28T11:19:08","guid":{"rendered":"https:\/\/rubi5.com\/?post_type=product&#038;p=66749"},"modified":"2024-11-28T13:19:08","modified_gmt":"2024-11-28T11:19:08","slug":"calcetin-navideno-nobo","status":"publish","type":"product","link":"https:\/\/rubi5.com\/staging\/calcetin-navideno-nobo\/","title":{"rendered":"Calcet\u00edn navide\u00f1o Nobo"},"content":{"rendered":"","protected":false},"excerpt":{"rendered":"<p>Calcet\u00edn navide\u00f1o personalizable en color rojo.<\/p>\n","protected":false},"featured_media":66752,"template":"","meta":{"_acf_changed":false},"product_brand":[],"product_cat":[1044,980,967],"product_tag":[],"class_list":{"0":"post-66749","1":"product","2":"type-product","3":"status-publish","4":"has-post-thumbnail","6":"product_cat-gorros-de-navidad","7":"product_cat-mas-regalos","8":"product_cat-regalos-de-navidad","10":"first","11":"instock","12":"taxable","13":"shipping-taxable","14":"purchasable","15":"product-type-simple"},"acf":[],"_links":{"self":[{"href":"https:\/\/rubi5.com\/staging\/wp-json\/wp\/v2\/product\/66749","targetHints":{"allow":["GET"]}}],"collection":[{"href":"https:\/\/rubi5.com\/staging\/wp-json\/wp\/v2\/product"}],"about":[{"href":"https:\/\/rubi5.com\/staging\/wp-json\/wp\/v2\/types\/product"}],"version-history":[{"count":1,"href":"https:\/\/rubi5.com\/staging\/wp-json\/wp\/v2\/product\/66749\/revisions"}],"predecessor-version":[{"id":66753,"href":"https:\/\/rubi5.com\/staging\/wp-json\/wp\/v2\/product\/66749\/revisions\/66753"}],"wp:featuredmedia":[{"embeddable":true,"href":"https:\/\/rubi5.com\/staging\/wp-json\/wp\/v2\/media\/66752"}],"wp:attachment":[{"href":"https:\/\/rubi5.com\/staging\/wp-json\/wp\/v2\/media?parent=66749"}],"wp:term":[{"taxonomy":"product_brand","embeddable":true,"href":"https:\/\/rubi5.com\/staging\/wp-json\/wp\/v2\/product_brand?post=66749"},{"taxonomy":"product_cat","embeddable":true,"href":"https:\/\/rubi5.com\/staging\/wp-json\/wp\/v2\/product_cat?post=66749"},{"taxonomy":"product_tag","embeddable":true,"href":"https:\/\/rubi5.com\/staging\/wp-json\/wp\/v2\/product_tag?post=66749"}],"curies":[{"name":"wp","href":"https:\/\/api.w.org\/{rel}","templated":true}]}}