{"id":67170,"date":"2025-01-21T08:53:31","date_gmt":"2025-01-21T06:53:31","guid":{"rendered":"https:\/\/rubi5.com\/?post_type=product&#038;p=67170"},"modified":"2026-01-22T04:35:13","modified_gmt":"2026-01-22T02:35:13","slug":"bloc-de-notas-a5-ciluxlin","status":"publish","type":"product","link":"https:\/\/rubi5.com\/staging\/bloc-de-notas-a5-ciluxlin\/","title":{"rendered":"Bloc de notas A5 Ciluxlin"},"content":{"rendered":"","protected":false},"excerpt":{"rendered":"<p>Bloc de notas A5 con tapas duras fabricado en suave polipiel y con 100 hojas de disposici\u00f3n a una raya. Incluye marcap\u00e1ginas de tela y banda el\u00e1stica a juego. Disponible en una variada gama de colores.<\/p>\n","protected":false},"featured_media":67186,"template":"","meta":{"_acf_changed":false},"product_brand":[],"product_cat":[33,934,247],"product_tag":[],"class_list":{"0":"post-67170","1":"product","2":"type-product","3":"status-publish","4":"has-post-thumbnail","6":"product_cat-oficina","7":"product_cat-libretas-a5","8":"product_cat-libretas-personalizadas","10":"first","11":"instock","12":"taxable","13":"shipping-taxable","14":"purchasable","15":"product-type-variable"},"acf":[],"_links":{"self":[{"href":"https:\/\/rubi5.com\/staging\/wp-json\/wp\/v2\/product\/67170","targetHints":{"allow":["GET"]}}],"collection":[{"href":"https:\/\/rubi5.com\/staging\/wp-json\/wp\/v2\/product"}],"about":[{"href":"https:\/\/rubi5.com\/staging\/wp-json\/wp\/v2\/types\/product"}],"version-history":[{"count":1,"href":"https:\/\/rubi5.com\/staging\/wp-json\/wp\/v2\/product\/67170\/revisions"}],"predecessor-version":[{"id":67191,"href":"https:\/\/rubi5.com\/staging\/wp-json\/wp\/v2\/product\/67170\/revisions\/67191"}],"wp:featuredmedia":[{"embeddable":true,"href":"https:\/\/rubi5.com\/staging\/wp-json\/wp\/v2\/media\/67186"}],"wp:attachment":[{"href":"https:\/\/rubi5.com\/staging\/wp-json\/wp\/v2\/media?parent=67170"}],"wp:term":[{"taxonomy":"product_brand","embeddable":true,"href":"https:\/\/rubi5.com\/staging\/wp-json\/wp\/v2\/product_brand?post=67170"},{"taxonomy":"product_cat","embeddable":true,"href":"https:\/\/rubi5.com\/staging\/wp-json\/wp\/v2\/product_cat?post=67170"},{"taxonomy":"product_tag","embeddable":true,"href":"https:\/\/rubi5.com\/staging\/wp-json\/wp\/v2\/product_tag?post=67170"}],"curies":[{"name":"wp","href":"https:\/\/api.w.org\/{rel}","templated":true}]}}