{"id":67210,"date":"2025-01-29T09:57:16","date_gmt":"2025-01-29T07:57:16","guid":{"rendered":"https:\/\/rubi5.com\/?post_type=product&#038;p=67210"},"modified":"2026-01-22T04:31:04","modified_gmt":"2026-01-22T02:31:04","slug":"luz-emergencia-v16-geolocalizada-dgt-kershaw","status":"publish","type":"product","link":"https:\/\/rubi5.com\/staging\/luz-emergencia-v16-geolocalizada-dgt-kershaw\/","title":{"rendered":"Luz Emergencia V16 Geolocalizada DGT Kershaw"},"content":{"rendered":"","protected":false},"excerpt":{"rendered":"<p>Luz de emergencia V16\u00a0<strong>Geolocalizada<\/strong>\u00a0para veh\u00edculos. Fabricada conforme a la normativa de seguridad vigente y\u00a0<strong>homologada<\/strong>\u00a0por laboratorio acreditado IDIADA, seg\u00fan requisitos de la DGT , con n\u00famero de homologaci\u00f3n marcado en la parte inferior del art\u00edculo.\u00a0<strong>Incluye una tarjeta SIM conectada con Telef\u00f3nica Tech, con servicio de comunicaci\u00f3n de datos hasta 12\/2038, sin gastos ni cuotas adicionales.<\/strong>\u00a0De activaci\u00f3n manual y con base de fijaci\u00f3n magn\u00e9tica. Resistencia al viento de hasta 180Pa, visibilidad 360\u00b0 -hasta 1 km de distancia- y resistencia al agua conforme a est\u00e1ndares IP54. De tama\u00f1o compacto para guardar en cualquier compartimento del veh\u00edculo y tenerla a mano en caso de emergencia. Presentada en caja individual de dise\u00f1o. Manual incluido (espa\u00f1ol e ingl\u00e9s). Alimentaci\u00f3n a pilas (3xAA pilas alcalinas incluidas), con una autonom\u00eda de 6 horas.<\/p>\n","protected":false},"featured_media":67213,"template":"","meta":{"_acf_changed":false},"product_brand":[],"product_cat":[726,376],"product_tag":[],"class_list":{"0":"post-67210","1":"product","2":"type-product","3":"status-publish","4":"has-post-thumbnail","6":"product_cat-accesorios-y-regalos","7":"product_cat-accesorios-de-automovil","9":"first","10":"instock","11":"taxable","12":"shipping-taxable","13":"product-type-variable"},"acf":[],"_links":{"self":[{"href":"https:\/\/rubi5.com\/staging\/wp-json\/wp\/v2\/product\/67210","targetHints":{"allow":["GET"]}}],"collection":[{"href":"https:\/\/rubi5.com\/staging\/wp-json\/wp\/v2\/product"}],"about":[{"href":"https:\/\/rubi5.com\/staging\/wp-json\/wp\/v2\/types\/product"}],"version-history":[{"count":2,"href":"https:\/\/rubi5.com\/staging\/wp-json\/wp\/v2\/product\/67210\/revisions"}],"predecessor-version":[{"id":67495,"href":"https:\/\/rubi5.com\/staging\/wp-json\/wp\/v2\/product\/67210\/revisions\/67495"}],"wp:featuredmedia":[{"embeddable":true,"href":"https:\/\/rubi5.com\/staging\/wp-json\/wp\/v2\/media\/67213"}],"wp:attachment":[{"href":"https:\/\/rubi5.com\/staging\/wp-json\/wp\/v2\/media?parent=67210"}],"wp:term":[{"taxonomy":"product_brand","embeddable":true,"href":"https:\/\/rubi5.com\/staging\/wp-json\/wp\/v2\/product_brand?post=67210"},{"taxonomy":"product_cat","embeddable":true,"href":"https:\/\/rubi5.com\/staging\/wp-json\/wp\/v2\/product_cat?post=67210"},{"taxonomy":"product_tag","embeddable":true,"href":"https:\/\/rubi5.com\/staging\/wp-json\/wp\/v2\/product_tag?post=67210"}],"curies":[{"name":"wp","href":"https:\/\/api.w.org\/{rel}","templated":true}]}}