{"id":67248,"date":"2025-01-31T13:00:31","date_gmt":"2025-01-31T11:00:31","guid":{"rendered":"https:\/\/rubi5.com\/?post_type=product&#038;p=67248"},"modified":"2026-01-22T04:35:13","modified_gmt":"2026-01-22T02:35:13","slug":"vaso-termico-doble-pared-holwe","status":"publish","type":"product","link":"https:\/\/rubi5.com\/staging\/vaso-termico-doble-pared-holwe\/","title":{"rendered":"Vaso t\u00e9rmico doble pared Holwe"},"content":{"rendered":"","protected":false},"excerpt":{"rendered":"<p>Vaso t\u00e9rmico fabricado en resistente PP de doble pared y 300ml de capacidad de color mate. Tapa con dosificador y abref\u00e1cil, libre de BPA. Es ideal para tener en tu escritorio, mesa o en cualquier superficie donde disfrutar tranquilamente de tu bebida favorita. Con certificaci\u00f3n Food Grade, garantizando la seguridad cuando los alimentos entran en contacto con el material usado para fabricar el producto.<\/p>\n","protected":false},"featured_media":67256,"template":"","meta":{"_acf_changed":false},"product_brand":[],"product_cat":[242,30,241],"product_tag":[],"class_list":{"0":"post-67248","1":"product","2":"type-product","3":"status-publish","4":"has-post-thumbnail","6":"product_cat-vasos-termicos","7":"product_cat-tazas-y-botellas","8":"product_cat-vasos-personalizados","10":"first","11":"instock","12":"taxable","13":"shipping-taxable","14":"purchasable","15":"product-type-variable"},"acf":[],"_links":{"self":[{"href":"https:\/\/rubi5.com\/staging\/wp-json\/wp\/v2\/product\/67248","targetHints":{"allow":["GET"]}}],"collection":[{"href":"https:\/\/rubi5.com\/staging\/wp-json\/wp\/v2\/product"}],"about":[{"href":"https:\/\/rubi5.com\/staging\/wp-json\/wp\/v2\/types\/product"}],"version-history":[{"count":1,"href":"https:\/\/rubi5.com\/staging\/wp-json\/wp\/v2\/product\/67248\/revisions"}],"predecessor-version":[{"id":67266,"href":"https:\/\/rubi5.com\/staging\/wp-json\/wp\/v2\/product\/67248\/revisions\/67266"}],"wp:featuredmedia":[{"embeddable":true,"href":"https:\/\/rubi5.com\/staging\/wp-json\/wp\/v2\/media\/67256"}],"wp:attachment":[{"href":"https:\/\/rubi5.com\/staging\/wp-json\/wp\/v2\/media?parent=67248"}],"wp:term":[{"taxonomy":"product_brand","embeddable":true,"href":"https:\/\/rubi5.com\/staging\/wp-json\/wp\/v2\/product_brand?post=67248"},{"taxonomy":"product_cat","embeddable":true,"href":"https:\/\/rubi5.com\/staging\/wp-json\/wp\/v2\/product_cat?post=67248"},{"taxonomy":"product_tag","embeddable":true,"href":"https:\/\/rubi5.com\/staging\/wp-json\/wp\/v2\/product_tag?post=67248"}],"curies":[{"name":"wp","href":"https:\/\/api.w.org\/{rel}","templated":true}]}}