{"id":67267,"date":"2025-01-31T13:10:19","date_gmt":"2025-01-31T11:10:19","guid":{"rendered":"https:\/\/rubi5.com\/?post_type=product&#038;p=67267"},"modified":"2025-01-31T13:10:19","modified_gmt":"2025-01-31T11:10:19","slug":"vaso-termico-base-corcho-veneza","status":"publish","type":"product","link":"https:\/\/rubi5.com\/staging\/vaso-termico-base-corcho-veneza\/","title":{"rendered":"Vaso t\u00e9rmico base corcho Veneza"},"content":{"rendered":"","protected":false},"excerpt":{"rendered":"<p>Vaso t\u00e9rmico de 300 ml con doble pared y base de corcho. Tapa herm\u00e9tica para evitar derrames y fugas accidentales. Disponible en color negro, azul marino y crudo.<\/p>\n","protected":false},"featured_media":67271,"template":"","meta":{"_acf_changed":false},"product_brand":[],"product_cat":[242,30,241],"product_tag":[],"class_list":{"0":"post-67267","1":"product","2":"type-product","3":"status-publish","4":"has-post-thumbnail","6":"product_cat-vasos-termicos","7":"product_cat-tazas-y-botellas","8":"product_cat-vasos-personalizados","10":"first","11":"instock","12":"taxable","13":"shipping-taxable","14":"purchasable","15":"product-type-variable"},"acf":[],"_links":{"self":[{"href":"https:\/\/rubi5.com\/staging\/wp-json\/wp\/v2\/product\/67267","targetHints":{"allow":["GET"]}}],"collection":[{"href":"https:\/\/rubi5.com\/staging\/wp-json\/wp\/v2\/product"}],"about":[{"href":"https:\/\/rubi5.com\/staging\/wp-json\/wp\/v2\/types\/product"}],"version-history":[{"count":1,"href":"https:\/\/rubi5.com\/staging\/wp-json\/wp\/v2\/product\/67267\/revisions"}],"predecessor-version":[{"id":67277,"href":"https:\/\/rubi5.com\/staging\/wp-json\/wp\/v2\/product\/67267\/revisions\/67277"}],"wp:featuredmedia":[{"embeddable":true,"href":"https:\/\/rubi5.com\/staging\/wp-json\/wp\/v2\/media\/67271"}],"wp:attachment":[{"href":"https:\/\/rubi5.com\/staging\/wp-json\/wp\/v2\/media?parent=67267"}],"wp:term":[{"taxonomy":"product_brand","embeddable":true,"href":"https:\/\/rubi5.com\/staging\/wp-json\/wp\/v2\/product_brand?post=67267"},{"taxonomy":"product_cat","embeddable":true,"href":"https:\/\/rubi5.com\/staging\/wp-json\/wp\/v2\/product_cat?post=67267"},{"taxonomy":"product_tag","embeddable":true,"href":"https:\/\/rubi5.com\/staging\/wp-json\/wp\/v2\/product_tag?post=67267"}],"curies":[{"name":"wp","href":"https:\/\/api.w.org\/{rel}","templated":true}]}}