{"id":67302,"date":"2025-01-31T14:32:40","date_gmt":"2025-01-31T12:32:40","guid":{"rendered":"https:\/\/rubi5.com\/?post_type=product&#038;p=67302"},"modified":"2025-02-03T12:21:34","modified_gmt":"2025-02-03T10:21:34","slug":"photocall-textil-pop-up-3x3","status":"publish","type":"product","link":"https:\/\/rubi5.com\/staging\/photocall-textil-pop-up-3x3\/","title":{"rendered":"Photocall Textil Pop up 3&#215;3 (226&#215;226 cm)"},"content":{"rendered":"","protected":false},"excerpt":{"rendered":"<p><strong>Photocall textil PopUp 3&#215;3<\/strong>, impreso en sublimaci\u00f3n y confeccionado con velcro, f\u00e1cil de montar y plegable. Incluye una maleta tipo trolley con ruedas, para poder transportarlo f\u00e1cilmente.<\/p>\n<p>El photocall personalizado es un b\u00e1sico en cualquier evento de empresa. Adem\u00e1s, se guarda f\u00e1cilmente, y puedes llevarlo a cualquier parte. Y si tienes un nuevo evento pr\u00f3ximamente, podr\u00e1s volverlo a sacar de su maleta y montarlo en dos f\u00e1ciles pasos.<\/p>\n<p>Ideal para todo tipo de eventos multitudinarios. \u00bfQui\u00e9n no ha visto un photocall en una boda? \u00bfSab\u00edas que los photocalls para comuniones son un reclamo cada vez mayor?<\/p>\n<p>El precio incluye: <strong>Estructura Photocall + Impresi\u00f3n<\/strong> (dise\u00f1o a todo color)<\/p>\n<p>La gr\u00e1fica textil lleva incluida la confecci\u00f3n de velcro suave de 5 cm a todo el per\u00edmetro trasero, que casa y coincide con el velcro macho de 5 cm que lleva la estructura del photocall.<\/p>\n<p>&nbsp;<\/p>\n","protected":false},"featured_media":67326,"template":"","meta":{"_acf_changed":false},"product_brand":[],"product_cat":[751,54,756],"product_tag":[],"class_list":{"0":"post-67302","1":"product","2":"type-product","3":"status-publish","4":"has-post-thumbnail","6":"product_cat-photocalls-personalizados","7":"product_cat-eventos","8":"product_cat-expositores-publicitarios","10":"first","11":"instock","12":"taxable","13":"shipping-taxable","14":"product-type-external"},"acf":[],"_links":{"self":[{"href":"https:\/\/rubi5.com\/staging\/wp-json\/wp\/v2\/product\/67302","targetHints":{"allow":["GET"]}}],"collection":[{"href":"https:\/\/rubi5.com\/staging\/wp-json\/wp\/v2\/product"}],"about":[{"href":"https:\/\/rubi5.com\/staging\/wp-json\/wp\/v2\/types\/product"}],"version-history":[{"count":3,"href":"https:\/\/rubi5.com\/staging\/wp-json\/wp\/v2\/product\/67302\/revisions"}],"predecessor-version":[{"id":67310,"href":"https:\/\/rubi5.com\/staging\/wp-json\/wp\/v2\/product\/67302\/revisions\/67310"}],"wp:featuredmedia":[{"embeddable":true,"href":"https:\/\/rubi5.com\/staging\/wp-json\/wp\/v2\/media\/67326"}],"wp:attachment":[{"href":"https:\/\/rubi5.com\/staging\/wp-json\/wp\/v2\/media?parent=67302"}],"wp:term":[{"taxonomy":"product_brand","embeddable":true,"href":"https:\/\/rubi5.com\/staging\/wp-json\/wp\/v2\/product_brand?post=67302"},{"taxonomy":"product_cat","embeddable":true,"href":"https:\/\/rubi5.com\/staging\/wp-json\/wp\/v2\/product_cat?post=67302"},{"taxonomy":"product_tag","embeddable":true,"href":"https:\/\/rubi5.com\/staging\/wp-json\/wp\/v2\/product_tag?post=67302"}],"curies":[{"name":"wp","href":"https:\/\/api.w.org\/{rel}","templated":true}]}}