{"id":67317,"date":"2025-02-03T11:25:36","date_gmt":"2025-02-03T09:25:36","guid":{"rendered":"https:\/\/rubi5.com\/?post_type=product&#038;p=67317"},"modified":"2025-02-05T11:40:42","modified_gmt":"2025-02-05T09:40:42","slug":"braga-de-cuello-sublimacion-100-personalizada","status":"publish","type":"product","link":"https:\/\/rubi5.com\/staging\/braga-de-cuello-sublimacion-100-personalizada\/","title":{"rendered":"Braga de cuello sublimaci\u00f3n 100% personalizada"},"content":{"rendered":"","protected":false},"excerpt":{"rendered":"<p>Braga de cuello 100% personalizada en sublimaci\u00f3n. Braga de poli\u00e9ster 140 gsm y tama\u00f1o 50 x 25 cm.<\/p>\n<div>Este art\u00edculo cumple todas las normas de seguridad pertinentes.<\/div>\n","protected":false},"featured_media":67318,"template":"","meta":{"_acf_changed":false},"product_brand":[],"product_cat":[738,737,29],"product_tag":[],"class_list":{"0":"post-67317","1":"product","2":"type-product","3":"status-publish","4":"has-post-thumbnail","6":"product_cat-bragas-de-cuello-personalizadas","7":"product_cat-complementos-personalizados","8":"product_cat-textil","10":"first","11":"instock","12":"taxable","13":"shipping-taxable","14":"product-type-external"},"acf":[],"_links":{"self":[{"href":"https:\/\/rubi5.com\/staging\/wp-json\/wp\/v2\/product\/67317","targetHints":{"allow":["GET"]}}],"collection":[{"href":"https:\/\/rubi5.com\/staging\/wp-json\/wp\/v2\/product"}],"about":[{"href":"https:\/\/rubi5.com\/staging\/wp-json\/wp\/v2\/types\/product"}],"version-history":[{"count":2,"href":"https:\/\/rubi5.com\/staging\/wp-json\/wp\/v2\/product\/67317\/revisions"}],"predecessor-version":[{"id":67415,"href":"https:\/\/rubi5.com\/staging\/wp-json\/wp\/v2\/product\/67317\/revisions\/67415"}],"wp:featuredmedia":[{"embeddable":true,"href":"https:\/\/rubi5.com\/staging\/wp-json\/wp\/v2\/media\/67318"}],"wp:attachment":[{"href":"https:\/\/rubi5.com\/staging\/wp-json\/wp\/v2\/media?parent=67317"}],"wp:term":[{"taxonomy":"product_brand","embeddable":true,"href":"https:\/\/rubi5.com\/staging\/wp-json\/wp\/v2\/product_brand?post=67317"},{"taxonomy":"product_cat","embeddable":true,"href":"https:\/\/rubi5.com\/staging\/wp-json\/wp\/v2\/product_cat?post=67317"},{"taxonomy":"product_tag","embeddable":true,"href":"https:\/\/rubi5.com\/staging\/wp-json\/wp\/v2\/product_tag?post=67317"}],"curies":[{"name":"wp","href":"https:\/\/api.w.org\/{rel}","templated":true}]}}