{"id":67438,"date":"2025-02-11T11:38:14","date_gmt":"2025-02-11T09:38:14","guid":{"rendered":"https:\/\/rubi5.com\/?post_type=product&#038;p=67438"},"modified":"2025-02-11T11:44:05","modified_gmt":"2025-02-11T09:44:05","slug":"placa-grabada-de-metal","status":"publish","type":"product","link":"https:\/\/rubi5.com\/staging\/placa-grabada-de-metal\/","title":{"rendered":"Placa grabada de metal"},"content":{"rendered":"","protected":false},"excerpt":{"rendered":"<p>Las placas de metal grabadas son de las placas m\u00e1s duraderas y elegantes, capaces de soportar temperaturas adversas, y el paso del tiempo.<\/p>\n<p>Ideales para colocar en exterior.<\/p>\n<p>Podr\u00e1s personalizarla con tu logo, sin importar que sea de varios colores. Permite una grabaci\u00f3n a color con un dise\u00f1o original.<\/p>\n","protected":false},"featured_media":67440,"template":"","meta":{"_acf_changed":false},"product_brand":[],"product_cat":[142,867],"product_tag":[],"class_list":{"0":"post-67438","1":"product","2":"type-product","3":"status-publish","4":"has-post-thumbnail","6":"product_cat-trofeos-y-medallas","7":"product_cat-placas-personalizadas","9":"first","10":"instock","11":"taxable","12":"shipping-taxable","13":"product-type-external"},"acf":[],"_links":{"self":[{"href":"https:\/\/rubi5.com\/staging\/wp-json\/wp\/v2\/product\/67438","targetHints":{"allow":["GET"]}}],"collection":[{"href":"https:\/\/rubi5.com\/staging\/wp-json\/wp\/v2\/product"}],"about":[{"href":"https:\/\/rubi5.com\/staging\/wp-json\/wp\/v2\/types\/product"}],"version-history":[{"count":1,"href":"https:\/\/rubi5.com\/staging\/wp-json\/wp\/v2\/product\/67438\/revisions"}],"predecessor-version":[{"id":67441,"href":"https:\/\/rubi5.com\/staging\/wp-json\/wp\/v2\/product\/67438\/revisions\/67441"}],"wp:featuredmedia":[{"embeddable":true,"href":"https:\/\/rubi5.com\/staging\/wp-json\/wp\/v2\/media\/67440"}],"wp:attachment":[{"href":"https:\/\/rubi5.com\/staging\/wp-json\/wp\/v2\/media?parent=67438"}],"wp:term":[{"taxonomy":"product_brand","embeddable":true,"href":"https:\/\/rubi5.com\/staging\/wp-json\/wp\/v2\/product_brand?post=67438"},{"taxonomy":"product_cat","embeddable":true,"href":"https:\/\/rubi5.com\/staging\/wp-json\/wp\/v2\/product_cat?post=67438"},{"taxonomy":"product_tag","embeddable":true,"href":"https:\/\/rubi5.com\/staging\/wp-json\/wp\/v2\/product_tag?post=67438"}],"curies":[{"name":"wp","href":"https:\/\/api.w.org\/{rel}","templated":true}]}}