{"id":67464,"date":"2025-02-11T15:35:35","date_gmt":"2025-02-11T13:35:35","guid":{"rendered":"https:\/\/rubi5.com\/?post_type=product&#038;p=67464"},"modified":"2025-02-12T15:12:02","modified_gmt":"2025-02-12T13:12:02","slug":"placa-homenaje-sublimada-25x19-cm","status":"publish","type":"product","link":"https:\/\/rubi5.com\/staging\/placa-homenaje-sublimada-25x19-cm\/","title":{"rendered":"Placa homenaje sublimada 25&#215;19 cm"},"content":{"rendered":"","protected":false},"excerpt":{"rendered":"<p>Estas placas conmemorativas est\u00e1n compuestas de un marco de madera, con una l\u00e1mina de aluminio que podr\u00e1s personalizar en su totalidad.<\/p>\n<p>Las placas sublimadas permiten grabar palabras, escudos, incluso im\u00e1genes y fotos. Podr\u00e1s grabarlo a todo color con la imagen que quieras.<\/p>\n<p>Medidas disponibles:<\/p>\n<p>TAMA\u00d1O GRANDE- 20 x 15 cm<\/p>\n<p>TAMA\u00d1O GRANDE &#8211; 25 x 19 cm<\/p>\n<p>En la parte trasera del marco tiene un soporte de madera, a juego con el marco, para poder sostenerla en cualquier mesa o superficie plana.<\/p>\n<p>Presentado en un elegante estuche de regalo.<\/p>\n","protected":false},"featured_media":67475,"template":"","meta":{"_acf_changed":false},"product_brand":[],"product_cat":[142,867],"product_tag":[],"class_list":{"0":"post-67464","1":"product","2":"type-product","3":"status-publish","4":"has-post-thumbnail","6":"product_cat-trofeos-y-medallas","7":"product_cat-placas-personalizadas","9":"first","10":"instock","11":"taxable","12":"shipping-taxable","13":"purchasable","14":"product-type-simple"},"acf":[],"_links":{"self":[{"href":"https:\/\/rubi5.com\/staging\/wp-json\/wp\/v2\/product\/67464","targetHints":{"allow":["GET"]}}],"collection":[{"href":"https:\/\/rubi5.com\/staging\/wp-json\/wp\/v2\/product"}],"about":[{"href":"https:\/\/rubi5.com\/staging\/wp-json\/wp\/v2\/types\/product"}],"version-history":[{"count":2,"href":"https:\/\/rubi5.com\/staging\/wp-json\/wp\/v2\/product\/67464\/revisions"}],"predecessor-version":[{"id":67469,"href":"https:\/\/rubi5.com\/staging\/wp-json\/wp\/v2\/product\/67464\/revisions\/67469"}],"wp:featuredmedia":[{"embeddable":true,"href":"https:\/\/rubi5.com\/staging\/wp-json\/wp\/v2\/media\/67475"}],"wp:attachment":[{"href":"https:\/\/rubi5.com\/staging\/wp-json\/wp\/v2\/media?parent=67464"}],"wp:term":[{"taxonomy":"product_brand","embeddable":true,"href":"https:\/\/rubi5.com\/staging\/wp-json\/wp\/v2\/product_brand?post=67464"},{"taxonomy":"product_cat","embeddable":true,"href":"https:\/\/rubi5.com\/staging\/wp-json\/wp\/v2\/product_cat?post=67464"},{"taxonomy":"product_tag","embeddable":true,"href":"https:\/\/rubi5.com\/staging\/wp-json\/wp\/v2\/product_tag?post=67464"}],"curies":[{"name":"wp","href":"https:\/\/api.w.org\/{rel}","templated":true}]}}