{"id":67471,"date":"2025-02-12T14:40:05","date_gmt":"2025-02-12T12:40:05","guid":{"rendered":"https:\/\/rubi5.com\/?post_type=product&#038;p=67471"},"modified":"2025-02-12T15:33:32","modified_gmt":"2025-02-12T13:33:32","slug":"bidon-acero-inoxidable-500-ml-remid-moss","status":"publish","type":"product","link":"https:\/\/rubi5.com\/staging\/bidon-acero-inoxidable-500-ml-remid-moss\/","title":{"rendered":"Bid\u00f3n acero inoxidable 500 ml Remid Moss"},"content":{"rendered":"","protected":false},"excerpt":{"rendered":"<p class=\"description\">Botella de pared simple de acero inoxidable reciclado (90% de acero inoxidable reciclado y 10% de acero inoxidable) con mosquet\u00f3n. 500 ml. Impresi\u00f3n por sublimaci\u00f3n disponible s\u00f3lo en el art\u00edculo blanco. Antifugas.<\/p>\n<p class=\"read-more-click\">\n","protected":false},"featured_media":67472,"template":"","meta":{"_acf_changed":false},"product_brand":[],"product_cat":[30,237,233],"product_tag":[],"class_list":{"0":"post-67471","1":"product","2":"type-product","3":"status-publish","4":"has-post-thumbnail","6":"product_cat-tazas-y-botellas","7":"product_cat-botellas-para-sublimar","8":"product_cat-botellas-personalizadas","10":"first","11":"instock","12":"taxable","13":"shipping-taxable","14":"purchasable","15":"product-type-simple"},"acf":[],"_links":{"self":[{"href":"https:\/\/rubi5.com\/staging\/wp-json\/wp\/v2\/product\/67471","targetHints":{"allow":["GET"]}}],"collection":[{"href":"https:\/\/rubi5.com\/staging\/wp-json\/wp\/v2\/product"}],"about":[{"href":"https:\/\/rubi5.com\/staging\/wp-json\/wp\/v2\/types\/product"}],"version-history":[{"count":1,"href":"https:\/\/rubi5.com\/staging\/wp-json\/wp\/v2\/product\/67471\/revisions"}],"predecessor-version":[{"id":67473,"href":"https:\/\/rubi5.com\/staging\/wp-json\/wp\/v2\/product\/67471\/revisions\/67473"}],"wp:featuredmedia":[{"embeddable":true,"href":"https:\/\/rubi5.com\/staging\/wp-json\/wp\/v2\/media\/67472"}],"wp:attachment":[{"href":"https:\/\/rubi5.com\/staging\/wp-json\/wp\/v2\/media?parent=67471"}],"wp:term":[{"taxonomy":"product_brand","embeddable":true,"href":"https:\/\/rubi5.com\/staging\/wp-json\/wp\/v2\/product_brand?post=67471"},{"taxonomy":"product_cat","embeddable":true,"href":"https:\/\/rubi5.com\/staging\/wp-json\/wp\/v2\/product_cat?post=67471"},{"taxonomy":"product_tag","embeddable":true,"href":"https:\/\/rubi5.com\/staging\/wp-json\/wp\/v2\/product_tag?post=67471"}],"curies":[{"name":"wp","href":"https:\/\/api.w.org\/{rel}","templated":true}]}}