{"id":67480,"date":"2025-02-14T10:22:21","date_gmt":"2025-02-14T08:22:21","guid":{"rendered":"https:\/\/rubi5.com\/?post_type=product&#038;p=67480"},"modified":"2025-02-14T10:22:21","modified_gmt":"2025-02-14T08:22:21","slug":"tarjeta-usb-glyner-16gb","status":"publish","type":"product","link":"https:\/\/rubi5.com\/staging\/tarjeta-usb-glyner-16gb\/","title":{"rendered":"Tarjeta USB Glyner 16GB"},"content":{"rendered":"","protected":false},"excerpt":{"rendered":"<p>Memoria USB tarjeta de 16GB de capacidad en l\u00ednea nature. De dise\u00f1o extra plano en ca\u00f1a de trigo, para as\u00ed fomentar la utilizaci\u00f3n de materias primas naturales y reducir las emisiones contaminantes. Con mecanismo plegable y presentada en atractiva caja de dise\u00f1o eco.<\/p>\n","protected":false},"featured_media":67481,"template":"","meta":{"_acf_changed":false},"product_brand":[],"product_cat":[147,338,337,336],"product_tag":[],"class_list":{"0":"post-67480","1":"product","2":"type-product","3":"status-publish","4":"has-post-thumbnail","6":"product_cat-tecnologia","7":"product_cat-memorias-usb-baratas","8":"product_cat-memorias-usb-ecologicas","9":"product_cat-memorias-usb-personalizadas","11":"first","12":"instock","13":"taxable","14":"shipping-taxable","15":"product-type-external"},"acf":[],"_links":{"self":[{"href":"https:\/\/rubi5.com\/staging\/wp-json\/wp\/v2\/product\/67480","targetHints":{"allow":["GET"]}}],"collection":[{"href":"https:\/\/rubi5.com\/staging\/wp-json\/wp\/v2\/product"}],"about":[{"href":"https:\/\/rubi5.com\/staging\/wp-json\/wp\/v2\/types\/product"}],"version-history":[{"count":1,"href":"https:\/\/rubi5.com\/staging\/wp-json\/wp\/v2\/product\/67480\/revisions"}],"predecessor-version":[{"id":67483,"href":"https:\/\/rubi5.com\/staging\/wp-json\/wp\/v2\/product\/67480\/revisions\/67483"}],"wp:featuredmedia":[{"embeddable":true,"href":"https:\/\/rubi5.com\/staging\/wp-json\/wp\/v2\/media\/67481"}],"wp:attachment":[{"href":"https:\/\/rubi5.com\/staging\/wp-json\/wp\/v2\/media?parent=67480"}],"wp:term":[{"taxonomy":"product_brand","embeddable":true,"href":"https:\/\/rubi5.com\/staging\/wp-json\/wp\/v2\/product_brand?post=67480"},{"taxonomy":"product_cat","embeddable":true,"href":"https:\/\/rubi5.com\/staging\/wp-json\/wp\/v2\/product_cat?post=67480"},{"taxonomy":"product_tag","embeddable":true,"href":"https:\/\/rubi5.com\/staging\/wp-json\/wp\/v2\/product_tag?post=67480"}],"curies":[{"name":"wp","href":"https:\/\/api.w.org\/{rel}","templated":true}]}}