{"id":67515,"date":"2025-02-25T14:04:23","date_gmt":"2025-02-25T12:04:23","guid":{"rendered":"https:\/\/rubi5.com\/?post_type=product&#038;p=67515"},"modified":"2025-02-25T14:18:09","modified_gmt":"2025-02-25T12:18:09","slug":"llavero-metalico-forma-de-nina","status":"publish","type":"product","link":"https:\/\/rubi5.com\/staging\/llavero-metalico-forma-de-nina\/","title":{"rendered":"Llavero met\u00e1lico forma de ni\u00f1a"},"content":{"rendered":"","protected":false},"excerpt":{"rendered":"<p>Llavero met\u00e1lico con forma de ni\u00f1a. Presentado en estuche negro de forma individual.<\/p>\n","protected":false},"featured_media":67516,"template":"","meta":{"_acf_changed":false},"product_brand":[],"product_cat":[733,726,899],"product_tag":[],"class_list":{"0":"post-67515","1":"product","2":"type-product","3":"status-publish","4":"has-post-thumbnail","6":"product_cat-llaveros-grabados","7":"product_cat-accesorios-y-regalos","8":"product_cat-llaveros-personalizados","10":"first","11":"instock","12":"taxable","13":"shipping-taxable","14":"purchasable","15":"product-type-simple"},"acf":[],"_links":{"self":[{"href":"https:\/\/rubi5.com\/staging\/wp-json\/wp\/v2\/product\/67515","targetHints":{"allow":["GET"]}}],"collection":[{"href":"https:\/\/rubi5.com\/staging\/wp-json\/wp\/v2\/product"}],"about":[{"href":"https:\/\/rubi5.com\/staging\/wp-json\/wp\/v2\/types\/product"}],"version-history":[{"count":1,"href":"https:\/\/rubi5.com\/staging\/wp-json\/wp\/v2\/product\/67515\/revisions"}],"predecessor-version":[{"id":67518,"href":"https:\/\/rubi5.com\/staging\/wp-json\/wp\/v2\/product\/67515\/revisions\/67518"}],"wp:featuredmedia":[{"embeddable":true,"href":"https:\/\/rubi5.com\/staging\/wp-json\/wp\/v2\/media\/67516"}],"wp:attachment":[{"href":"https:\/\/rubi5.com\/staging\/wp-json\/wp\/v2\/media?parent=67515"}],"wp:term":[{"taxonomy":"product_brand","embeddable":true,"href":"https:\/\/rubi5.com\/staging\/wp-json\/wp\/v2\/product_brand?post=67515"},{"taxonomy":"product_cat","embeddable":true,"href":"https:\/\/rubi5.com\/staging\/wp-json\/wp\/v2\/product_cat?post=67515"},{"taxonomy":"product_tag","embeddable":true,"href":"https:\/\/rubi5.com\/staging\/wp-json\/wp\/v2\/product_tag?post=67515"}],"curies":[{"name":"wp","href":"https:\/\/api.w.org\/{rel}","templated":true}]}}