{"id":67519,"date":"2025-02-25T14:05:36","date_gmt":"2025-02-25T12:05:36","guid":{"rendered":"https:\/\/rubi5.com\/?post_type=product&#038;p=67519"},"modified":"2025-02-25T14:18:09","modified_gmt":"2025-02-25T12:18:09","slug":"llavero-metalico-forma-de-nino","status":"publish","type":"product","link":"https:\/\/rubi5.com\/staging\/llavero-metalico-forma-de-nino\/","title":{"rendered":"Llavero met\u00e1lico forma de ni\u00f1o"},"content":{"rendered":"","protected":false},"excerpt":{"rendered":"<p>Llavero met\u00e1lico con forma de ni\u00f1o. Presentado en estuche negro de forma individual.<\/p>\n","protected":false},"featured_media":67520,"template":"","meta":{"_acf_changed":false},"product_brand":[],"product_cat":[733,726,899],"product_tag":[],"class_list":{"0":"post-67519","1":"product","2":"type-product","3":"status-publish","4":"has-post-thumbnail","6":"product_cat-llaveros-grabados","7":"product_cat-accesorios-y-regalos","8":"product_cat-llaveros-personalizados","10":"first","11":"instock","12":"taxable","13":"shipping-taxable","14":"purchasable","15":"product-type-simple"},"acf":[],"_links":{"self":[{"href":"https:\/\/rubi5.com\/staging\/wp-json\/wp\/v2\/product\/67519","targetHints":{"allow":["GET"]}}],"collection":[{"href":"https:\/\/rubi5.com\/staging\/wp-json\/wp\/v2\/product"}],"about":[{"href":"https:\/\/rubi5.com\/staging\/wp-json\/wp\/v2\/types\/product"}],"version-history":[{"count":3,"href":"https:\/\/rubi5.com\/staging\/wp-json\/wp\/v2\/product\/67519\/revisions"}],"predecessor-version":[{"id":67524,"href":"https:\/\/rubi5.com\/staging\/wp-json\/wp\/v2\/product\/67519\/revisions\/67524"}],"wp:featuredmedia":[{"embeddable":true,"href":"https:\/\/rubi5.com\/staging\/wp-json\/wp\/v2\/media\/67520"}],"wp:attachment":[{"href":"https:\/\/rubi5.com\/staging\/wp-json\/wp\/v2\/media?parent=67519"}],"wp:term":[{"taxonomy":"product_brand","embeddable":true,"href":"https:\/\/rubi5.com\/staging\/wp-json\/wp\/v2\/product_brand?post=67519"},{"taxonomy":"product_cat","embeddable":true,"href":"https:\/\/rubi5.com\/staging\/wp-json\/wp\/v2\/product_cat?post=67519"},{"taxonomy":"product_tag","embeddable":true,"href":"https:\/\/rubi5.com\/staging\/wp-json\/wp\/v2\/product_tag?post=67519"}],"curies":[{"name":"wp","href":"https:\/\/api.w.org\/{rel}","templated":true}]}}