{"id":67556,"date":"2025-02-28T14:05:04","date_gmt":"2025-02-28T12:05:04","guid":{"rendered":"https:\/\/rubi5.com\/?post_type=product&#038;p=67556"},"modified":"2026-01-22T04:35:13","modified_gmt":"2026-01-22T02:35:13","slug":"vaso-termico-tobey","status":"publish","type":"product","link":"https:\/\/rubi5.com\/staging\/vaso-termico-tobey\/","title":{"rendered":"Vaso t\u00e9rmico Tobey"},"content":{"rendered":"","protected":false},"excerpt":{"rendered":"<p>Vaso t\u00e9rmico de 600ml de capacidad. Fabricado en acero inoxidable reciclado de doble pared. Con dosificador en tapa y abref\u00e1cil, libre de BPA.<\/p>\n<p>Gracias a su doble pared, la temperatura dura mucho m\u00e1s que en un termo corriente. Es ideal para mantener tu bebida caliente horas encima de la mesa de tu escritorio, mientras est\u00e1s a otras tareas. O tu agua fr\u00eda durante m\u00e1s tiempo que si la dejaras en una botella normal.<\/p>\n<p>El acero inoxidable es un material que destaca por su durabilidad y su alto grado de reutilizaci\u00f3n, lo que lo hace una alternativa muy valorada en cuanto a sostenibilidad, y una gran opci\u00f3n como regalo de calidad.<\/p>\n","protected":false},"featured_media":67678,"template":"","meta":{"_acf_changed":false},"product_brand":[],"product_cat":[242,30,241],"product_tag":[],"class_list":{"0":"post-67556","1":"product","2":"type-product","3":"status-publish","4":"has-post-thumbnail","6":"product_cat-vasos-termicos","7":"product_cat-tazas-y-botellas","8":"product_cat-vasos-personalizados","10":"first","11":"instock","12":"taxable","13":"shipping-taxable","14":"purchasable","15":"product-type-variable"},"acf":[],"_links":{"self":[{"href":"https:\/\/rubi5.com\/staging\/wp-json\/wp\/v2\/product\/67556","targetHints":{"allow":["GET"]}}],"collection":[{"href":"https:\/\/rubi5.com\/staging\/wp-json\/wp\/v2\/product"}],"about":[{"href":"https:\/\/rubi5.com\/staging\/wp-json\/wp\/v2\/types\/product"}],"version-history":[{"count":2,"href":"https:\/\/rubi5.com\/staging\/wp-json\/wp\/v2\/product\/67556\/revisions"}],"predecessor-version":[{"id":67562,"href":"https:\/\/rubi5.com\/staging\/wp-json\/wp\/v2\/product\/67556\/revisions\/67562"}],"wp:featuredmedia":[{"embeddable":true,"href":"https:\/\/rubi5.com\/staging\/wp-json\/wp\/v2\/media\/67678"}],"wp:attachment":[{"href":"https:\/\/rubi5.com\/staging\/wp-json\/wp\/v2\/media?parent=67556"}],"wp:term":[{"taxonomy":"product_brand","embeddable":true,"href":"https:\/\/rubi5.com\/staging\/wp-json\/wp\/v2\/product_brand?post=67556"},{"taxonomy":"product_cat","embeddable":true,"href":"https:\/\/rubi5.com\/staging\/wp-json\/wp\/v2\/product_cat?post=67556"},{"taxonomy":"product_tag","embeddable":true,"href":"https:\/\/rubi5.com\/staging\/wp-json\/wp\/v2\/product_tag?post=67556"}],"curies":[{"name":"wp","href":"https:\/\/api.w.org\/{rel}","templated":true}]}}