{"id":67582,"date":"2025-03-03T10:04:50","date_gmt":"2025-03-03T08:04:50","guid":{"rendered":"https:\/\/rubi5.com\/?post_type=product&#038;p=67582"},"modified":"2026-01-22T04:35:13","modified_gmt":"2026-01-22T02:35:13","slug":"bidon-stroud-650ml","status":"publish","type":"product","link":"https:\/\/rubi5.com\/staging\/bidon-stroud-650ml\/","title":{"rendered":"Bid\u00f3n Stroud 650ml"},"content":{"rendered":"","protected":false},"excerpt":{"rendered":"<p>Bid\u00f3n de 650 ml de capacidad, fabricado en combinaci\u00f3n de PE veteado con base de corcho natural. El tap\u00f3n a rosca es de acero inoxidable y libre de BPA.<\/p>\n<p>La Certificaci\u00f3n Food Grade, garantiza una seguridad al beber, ya que los alimentos pueden entrar en contacto con el material del bid\u00f3n, sin ocasionar ning\u00fan problema.<\/p>\n<p>Presentado en caja individual de dise\u00f1o kraft.<\/p>\n","protected":false},"featured_media":67676,"template":"","meta":{"_acf_changed":false},"product_brand":[],"product_cat":[234,233,30],"product_tag":[],"class_list":{"0":"post-67582","1":"product","2":"type-product","3":"status-publish","4":"has-post-thumbnail","6":"product_cat-botellas-reutilizables","7":"product_cat-botellas-personalizadas","8":"product_cat-tazas-y-botellas","10":"first","11":"instock","12":"taxable","13":"shipping-taxable","14":"purchasable","15":"product-type-variable"},"acf":[],"_links":{"self":[{"href":"https:\/\/rubi5.com\/staging\/wp-json\/wp\/v2\/product\/67582","targetHints":{"allow":["GET"]}}],"collection":[{"href":"https:\/\/rubi5.com\/staging\/wp-json\/wp\/v2\/product"}],"about":[{"href":"https:\/\/rubi5.com\/staging\/wp-json\/wp\/v2\/types\/product"}],"version-history":[{"count":2,"href":"https:\/\/rubi5.com\/staging\/wp-json\/wp\/v2\/product\/67582\/revisions"}],"predecessor-version":[{"id":67594,"href":"https:\/\/rubi5.com\/staging\/wp-json\/wp\/v2\/product\/67582\/revisions\/67594"}],"wp:featuredmedia":[{"embeddable":true,"href":"https:\/\/rubi5.com\/staging\/wp-json\/wp\/v2\/media\/67676"}],"wp:attachment":[{"href":"https:\/\/rubi5.com\/staging\/wp-json\/wp\/v2\/media?parent=67582"}],"wp:term":[{"taxonomy":"product_brand","embeddable":true,"href":"https:\/\/rubi5.com\/staging\/wp-json\/wp\/v2\/product_brand?post=67582"},{"taxonomy":"product_cat","embeddable":true,"href":"https:\/\/rubi5.com\/staging\/wp-json\/wp\/v2\/product_cat?post=67582"},{"taxonomy":"product_tag","embeddable":true,"href":"https:\/\/rubi5.com\/staging\/wp-json\/wp\/v2\/product_tag?post=67582"}],"curies":[{"name":"wp","href":"https:\/\/api.w.org\/{rel}","templated":true}]}}