{"id":67595,"date":"2025-03-03T10:29:05","date_gmt":"2025-03-03T08:29:05","guid":{"rendered":"https:\/\/rubi5.com\/?post_type=product&#038;p=67595"},"modified":"2026-01-22T04:31:00","modified_gmt":"2026-01-22T02:31:00","slug":"libreta-con-boli-heiwor","status":"publish","type":"product","link":"https:\/\/rubi5.com\/staging\/libreta-con-boli-heiwor\/","title":{"rendered":"Libreta con boli Heiwor"},"content":{"rendered":"","protected":false},"excerpt":{"rendered":"<p>Libreta de tapas duras, fabricadas a partir de cartones de leche reciclados. Un material que se caracteriza por un alto grado de reciclabilidad. Con 80 hojas a rayas, un el\u00e1stico de sujeci\u00f3n a juego y soporte para bol\u00edgrafo.<\/p>\n<p>Adem\u00e1s, incluye el bol\u00edgrafo a juego, con mecanismo de pulsador. Del mismo material de la libreta. Tinta azul.<\/p>\n<p>Presentada en bolsa individual reciclada.<\/p>\n","protected":false},"featured_media":67675,"template":"","meta":{"_acf_changed":false},"product_brand":[],"product_cat":[935,933,247],"product_tag":[],"class_list":{"0":"post-67595","1":"product","2":"type-product","3":"status-publish","4":"has-post-thumbnail","6":"product_cat-libretas-a6","7":"product_cat-libretas-ecologicas","8":"product_cat-libretas-personalizadas","10":"first","11":"instock","12":"taxable","13":"shipping-taxable","14":"purchasable","15":"product-type-simple"},"acf":[],"_links":{"self":[{"href":"https:\/\/rubi5.com\/staging\/wp-json\/wp\/v2\/product\/67595","targetHints":{"allow":["GET"]}}],"collection":[{"href":"https:\/\/rubi5.com\/staging\/wp-json\/wp\/v2\/product"}],"about":[{"href":"https:\/\/rubi5.com\/staging\/wp-json\/wp\/v2\/types\/product"}],"version-history":[{"count":1,"href":"https:\/\/rubi5.com\/staging\/wp-json\/wp\/v2\/product\/67595\/revisions"}],"predecessor-version":[{"id":67596,"href":"https:\/\/rubi5.com\/staging\/wp-json\/wp\/v2\/product\/67595\/revisions\/67596"}],"wp:featuredmedia":[{"embeddable":true,"href":"https:\/\/rubi5.com\/staging\/wp-json\/wp\/v2\/media\/67675"}],"wp:attachment":[{"href":"https:\/\/rubi5.com\/staging\/wp-json\/wp\/v2\/media?parent=67595"}],"wp:term":[{"taxonomy":"product_brand","embeddable":true,"href":"https:\/\/rubi5.com\/staging\/wp-json\/wp\/v2\/product_brand?post=67595"},{"taxonomy":"product_cat","embeddable":true,"href":"https:\/\/rubi5.com\/staging\/wp-json\/wp\/v2\/product_cat?post=67595"},{"taxonomy":"product_tag","embeddable":true,"href":"https:\/\/rubi5.com\/staging\/wp-json\/wp\/v2\/product_tag?post=67595"}],"curies":[{"name":"wp","href":"https:\/\/api.w.org\/{rel}","templated":true}]}}