{"id":67608,"date":"2025-03-03T10:43:05","date_gmt":"2025-03-03T08:43:05","guid":{"rendered":"https:\/\/rubi5.com\/?post_type=product&#038;p=67608"},"modified":"2026-01-22T04:31:00","modified_gmt":"2026-01-22T02:31:00","slug":"neceser-chiril-de-algodon-y-yute","status":"publish","type":"product","link":"https:\/\/rubi5.com\/staging\/neceser-chiril-de-algodon-y-yute\/","title":{"rendered":"Neceser Chiril de algod\u00f3n y yute"},"content":{"rendered":"","protected":false},"excerpt":{"rendered":"<p>Neceser fabricado principalmente en algod\u00f3n y yute laminado. Con un compartimento principal con cierre de cremallera y tirador met\u00e1lico, con base en tono natural yute y parte superior en algod\u00f3n en un tono natural. Con pr\u00e1ctico cord\u00f3n en la esquina, para sujetarlo de forma c\u00f3moda.<\/p>\n<p>Incluida etiqueta Fairtrade\u00a0(Comercio Justo), un sistema comercial solidario y alternativo al convencional que persigue el desarrollo de los pueblos y la lucha contra la pobreza.<\/p>\n","protected":false},"featured_media":67673,"template":"","meta":{"_acf_changed":false},"product_brand":[],"product_cat":[383,187],"product_tag":[],"class_list":{"0":"post-67608","1":"product","2":"type-product","3":"status-publish","4":"has-post-thumbnail","6":"product_cat-neceseres-personalizados","7":"product_cat-salud-y-bienestar","9":"first","10":"instock","11":"taxable","12":"shipping-taxable","13":"purchasable","14":"product-type-simple"},"acf":[],"_links":{"self":[{"href":"https:\/\/rubi5.com\/staging\/wp-json\/wp\/v2\/product\/67608","targetHints":{"allow":["GET"]}}],"collection":[{"href":"https:\/\/rubi5.com\/staging\/wp-json\/wp\/v2\/product"}],"about":[{"href":"https:\/\/rubi5.com\/staging\/wp-json\/wp\/v2\/types\/product"}],"version-history":[{"count":2,"href":"https:\/\/rubi5.com\/staging\/wp-json\/wp\/v2\/product\/67608\/revisions"}],"predecessor-version":[{"id":67610,"href":"https:\/\/rubi5.com\/staging\/wp-json\/wp\/v2\/product\/67608\/revisions\/67610"}],"wp:featuredmedia":[{"embeddable":true,"href":"https:\/\/rubi5.com\/staging\/wp-json\/wp\/v2\/media\/67673"}],"wp:attachment":[{"href":"https:\/\/rubi5.com\/staging\/wp-json\/wp\/v2\/media?parent=67608"}],"wp:term":[{"taxonomy":"product_brand","embeddable":true,"href":"https:\/\/rubi5.com\/staging\/wp-json\/wp\/v2\/product_brand?post=67608"},{"taxonomy":"product_cat","embeddable":true,"href":"https:\/\/rubi5.com\/staging\/wp-json\/wp\/v2\/product_cat?post=67608"},{"taxonomy":"product_tag","embeddable":true,"href":"https:\/\/rubi5.com\/staging\/wp-json\/wp\/v2\/product_tag?post=67608"}],"curies":[{"name":"wp","href":"https:\/\/api.w.org\/{rel}","templated":true}]}}