{"id":67698,"date":"2025-03-03T15:49:55","date_gmt":"2025-03-03T13:49:55","guid":{"rendered":"https:\/\/rubi5.com\/?post_type=product&#038;p=67698"},"modified":"2026-01-22T04:35:13","modified_gmt":"2026-01-22T02:35:13","slug":"balsamo-labial-darix","status":"publish","type":"product","link":"https:\/\/rubi5.com\/staging\/balsamo-labial-darix\/","title":{"rendered":"B\u00e1lsamo labial Darix"},"content":{"rendered":"","protected":false},"excerpt":{"rendered":"<p>B\u00e1lsamo labial dermatol\u00f3gicamente testado. Con aroma vainilla y protecci\u00f3n SPF15.<\/p>\n","protected":false},"featured_media":67699,"template":"","meta":{"_acf_changed":false},"product_brand":[],"product_cat":[922,187],"product_tag":[],"class_list":{"0":"post-67698","1":"product","2":"type-product","3":"status-publish","4":"has-post-thumbnail","6":"product_cat-balsamos-labiales","7":"product_cat-salud-y-bienestar","9":"first","10":"instock","11":"taxable","12":"shipping-taxable","13":"purchasable","14":"product-type-variable"},"acf":[],"_links":{"self":[{"href":"https:\/\/rubi5.com\/staging\/wp-json\/wp\/v2\/product\/67698","targetHints":{"allow":["GET"]}}],"collection":[{"href":"https:\/\/rubi5.com\/staging\/wp-json\/wp\/v2\/product"}],"about":[{"href":"https:\/\/rubi5.com\/staging\/wp-json\/wp\/v2\/types\/product"}],"version-history":[{"count":1,"href":"https:\/\/rubi5.com\/staging\/wp-json\/wp\/v2\/product\/67698\/revisions"}],"predecessor-version":[{"id":67718,"href":"https:\/\/rubi5.com\/staging\/wp-json\/wp\/v2\/product\/67698\/revisions\/67718"}],"wp:featuredmedia":[{"embeddable":true,"href":"https:\/\/rubi5.com\/staging\/wp-json\/wp\/v2\/media\/67699"}],"wp:attachment":[{"href":"https:\/\/rubi5.com\/staging\/wp-json\/wp\/v2\/media?parent=67698"}],"wp:term":[{"taxonomy":"product_brand","embeddable":true,"href":"https:\/\/rubi5.com\/staging\/wp-json\/wp\/v2\/product_brand?post=67698"},{"taxonomy":"product_cat","embeddable":true,"href":"https:\/\/rubi5.com\/staging\/wp-json\/wp\/v2\/product_cat?post=67698"},{"taxonomy":"product_tag","embeddable":true,"href":"https:\/\/rubi5.com\/staging\/wp-json\/wp\/v2\/product_tag?post=67698"}],"curies":[{"name":"wp","href":"https:\/\/api.w.org\/{rel}","templated":true}]}}