{"id":67774,"date":"2025-03-04T14:53:20","date_gmt":"2025-03-04T12:53:20","guid":{"rendered":"https:\/\/rubi5.com\/?post_type=product&#038;p=67774"},"modified":"2025-03-12T09:35:41","modified_gmt":"2025-03-12T07:35:41","slug":"boligrafo-roller-coloma","status":"publish","type":"product","link":"https:\/\/rubi5.com\/staging\/boligrafo-roller-coloma\/","title":{"rendered":"Bol\u00edgrafo roller Coloma"},"content":{"rendered":"","protected":false},"excerpt":{"rendered":"<p>Bol\u00edgrafo roller de acabado goma, con suave tacto, y disponible en diferentes colores. Adem\u00e1s de accesorios como clip met\u00e1lico y punta de acero.<\/p>\n<p>Carga jumbo de 0,7 mm con tinta azul.<\/p>\n","protected":false},"featured_media":67785,"template":"","meta":{"_acf_changed":false},"product_brand":[],"product_cat":[973,317,43],"product_tag":[],"class_list":{"0":"post-67774","1":"product","2":"type-product","3":"status-publish","4":"has-post-thumbnail","6":"product_cat-boligrafos-roller","7":"product_cat-boligrafos-personalizados","8":"product_cat-escritura","10":"first","11":"instock","12":"taxable","13":"shipping-taxable","14":"purchasable","15":"product-type-variable"},"acf":[],"_links":{"self":[{"href":"https:\/\/rubi5.com\/staging\/wp-json\/wp\/v2\/product\/67774","targetHints":{"allow":["GET"]}}],"collection":[{"href":"https:\/\/rubi5.com\/staging\/wp-json\/wp\/v2\/product"}],"about":[{"href":"https:\/\/rubi5.com\/staging\/wp-json\/wp\/v2\/types\/product"}],"version-history":[{"count":1,"href":"https:\/\/rubi5.com\/staging\/wp-json\/wp\/v2\/product\/67774\/revisions"}],"predecessor-version":[{"id":67786,"href":"https:\/\/rubi5.com\/staging\/wp-json\/wp\/v2\/product\/67774\/revisions\/67786"}],"wp:featuredmedia":[{"embeddable":true,"href":"https:\/\/rubi5.com\/staging\/wp-json\/wp\/v2\/media\/67785"}],"wp:attachment":[{"href":"https:\/\/rubi5.com\/staging\/wp-json\/wp\/v2\/media?parent=67774"}],"wp:term":[{"taxonomy":"product_brand","embeddable":true,"href":"https:\/\/rubi5.com\/staging\/wp-json\/wp\/v2\/product_brand?post=67774"},{"taxonomy":"product_cat","embeddable":true,"href":"https:\/\/rubi5.com\/staging\/wp-json\/wp\/v2\/product_cat?post=67774"},{"taxonomy":"product_tag","embeddable":true,"href":"https:\/\/rubi5.com\/staging\/wp-json\/wp\/v2\/product_tag?post=67774"}],"curies":[{"name":"wp","href":"https:\/\/api.w.org\/{rel}","templated":true}]}}