{"id":67808,"date":"2025-03-10T09:14:59","date_gmt":"2025-03-10T07:14:59","guid":{"rendered":"https:\/\/rubi5.com\/?post_type=product&#038;p=67808"},"modified":"2026-01-22T04:35:13","modified_gmt":"2026-01-22T02:35:13","slug":"boligrafo-puntero-yarnox","status":"publish","type":"product","link":"https:\/\/rubi5.com\/staging\/boligrafo-puntero-yarnox\/","title":{"rendered":"Bol\u00edgrafo Puntero Yarnox"},"content":{"rendered":"","protected":false},"excerpt":{"rendered":"<p>Bol\u00edgrafo puntero de mecanismo pulsador en aluminio reciclado. Con pulsador y clip met\u00e1lico en acabado cromado, y puntero a juego. Cuerpo con un acabado en goma, especialmente dise\u00f1ado para grabar a l\u00e1ser. Quedar\u00e1 tu logo con un color plateado metalizado, a juego con las zonas met\u00e1licas del bol\u00edgrafo.<\/p>\n","protected":false},"featured_media":67825,"template":"","meta":{"_acf_changed":false},"product_brand":[],"product_cat":[319,317,43],"product_tag":[],"class_list":{"0":"post-67808","1":"product","2":"type-product","3":"status-publish","4":"has-post-thumbnail","6":"product_cat-boligrafos-metalicos","7":"product_cat-boligrafos-personalizados","8":"product_cat-escritura","10":"first","11":"instock","12":"taxable","13":"shipping-taxable","14":"purchasable","15":"product-type-variable"},"acf":[],"_links":{"self":[{"href":"https:\/\/rubi5.com\/staging\/wp-json\/wp\/v2\/product\/67808","targetHints":{"allow":["GET"]}}],"collection":[{"href":"https:\/\/rubi5.com\/staging\/wp-json\/wp\/v2\/product"}],"about":[{"href":"https:\/\/rubi5.com\/staging\/wp-json\/wp\/v2\/types\/product"}],"version-history":[{"count":3,"href":"https:\/\/rubi5.com\/staging\/wp-json\/wp\/v2\/product\/67808\/revisions"}],"predecessor-version":[{"id":67824,"href":"https:\/\/rubi5.com\/staging\/wp-json\/wp\/v2\/product\/67808\/revisions\/67824"}],"wp:featuredmedia":[{"embeddable":true,"href":"https:\/\/rubi5.com\/staging\/wp-json\/wp\/v2\/media\/67825"}],"wp:attachment":[{"href":"https:\/\/rubi5.com\/staging\/wp-json\/wp\/v2\/media?parent=67808"}],"wp:term":[{"taxonomy":"product_brand","embeddable":true,"href":"https:\/\/rubi5.com\/staging\/wp-json\/wp\/v2\/product_brand?post=67808"},{"taxonomy":"product_cat","embeddable":true,"href":"https:\/\/rubi5.com\/staging\/wp-json\/wp\/v2\/product_cat?post=67808"},{"taxonomy":"product_tag","embeddable":true,"href":"https:\/\/rubi5.com\/staging\/wp-json\/wp\/v2\/product_tag?post=67808"}],"curies":[{"name":"wp","href":"https:\/\/api.w.org\/{rel}","templated":true}]}}