{"id":68148,"date":"2025-04-16T08:44:43","date_gmt":"2025-04-16T06:44:43","guid":{"rendered":"https:\/\/rubi5.com\/?post_type=product&#038;p=68148"},"modified":"2026-01-22T04:35:13","modified_gmt":"2026-01-22T02:35:13","slug":"pai-pai-plegable-kalinic","status":"publish","type":"product","link":"https:\/\/rubi5.com\/staging\/pai-pai-plegable-kalinic\/","title":{"rendered":"Pai pai plegable Kalinic"},"content":{"rendered":"","protected":false},"excerpt":{"rendered":"<p>Pai Pai plegable en RPET. El material de poli\u00e9ster RPET se elabora a partir de pl\u00e1stico reciclado, para fomentar la reutilizaci\u00f3n de residuos pl\u00e1sticos.<\/p>\n<p>Este pai pai es f\u00e1cil de transportar gracias al sistema de plegado.<\/p>\n","protected":false},"featured_media":68128,"template":"","meta":{"_acf_changed":false},"product_brand":[],"product_cat":[913,728,726],"product_tag":[],"class_list":{"0":"post-68148","1":"product","2":"type-product","3":"status-publish","4":"has-post-thumbnail","6":"product_cat-pai-pai-personalizados","7":"product_cat-abanicos-personalizados","8":"product_cat-accesorios-y-regalos","10":"first","11":"instock","12":"taxable","13":"shipping-taxable","14":"purchasable","15":"product-type-variable"},"acf":[],"_links":{"self":[{"href":"https:\/\/rubi5.com\/staging\/wp-json\/wp\/v2\/product\/68148","targetHints":{"allow":["GET"]}}],"collection":[{"href":"https:\/\/rubi5.com\/staging\/wp-json\/wp\/v2\/product"}],"about":[{"href":"https:\/\/rubi5.com\/staging\/wp-json\/wp\/v2\/types\/product"}],"version-history":[{"count":2,"href":"https:\/\/rubi5.com\/staging\/wp-json\/wp\/v2\/product\/68148\/revisions"}],"predecessor-version":[{"id":68159,"href":"https:\/\/rubi5.com\/staging\/wp-json\/wp\/v2\/product\/68148\/revisions\/68159"}],"wp:featuredmedia":[{"embeddable":true,"href":"https:\/\/rubi5.com\/staging\/wp-json\/wp\/v2\/media\/68128"}],"wp:attachment":[{"href":"https:\/\/rubi5.com\/staging\/wp-json\/wp\/v2\/media?parent=68148"}],"wp:term":[{"taxonomy":"product_brand","embeddable":true,"href":"https:\/\/rubi5.com\/staging\/wp-json\/wp\/v2\/product_brand?post=68148"},{"taxonomy":"product_cat","embeddable":true,"href":"https:\/\/rubi5.com\/staging\/wp-json\/wp\/v2\/product_cat?post=68148"},{"taxonomy":"product_tag","embeddable":true,"href":"https:\/\/rubi5.com\/staging\/wp-json\/wp\/v2\/product_tag?post=68148"}],"curies":[{"name":"wp","href":"https:\/\/api.w.org\/{rel}","templated":true}]}}