{"id":68817,"date":"2025-06-16T11:54:04","date_gmt":"2025-06-16T09:54:04","guid":{"rendered":"https:\/\/rubi5.com\/?post_type=product&#038;p=68817"},"modified":"2026-01-22T04:30:50","modified_gmt":"2026-01-22T02:30:50","slug":"alfombrilla-freila","status":"publish","type":"product","link":"https:\/\/rubi5.com\/staging\/alfombrilla-freila\/","title":{"rendered":"Alfombrilla Freila"},"content":{"rendered":"","protected":false},"excerpt":{"rendered":"<p>Alfombrilla para rat\u00f3n fabricada en suave poli\u00e9ster RPET, elaborado a partir de pl\u00e1stico reciclado para as\u00ed fomentar la reutilizaci\u00f3n de residuos pl\u00e1sticos y ayudar a la sostenibilidad del planeta. Con base antideslizante en silicona y reposa mu\u00f1ecas acolchado para prevenir el estr\u00e9s y el dolor en las articulaciones. Distintivo RPET impreso.<\/p>\n","protected":false},"featured_media":68818,"template":"","meta":{"_acf_changed":false},"product_brand":[],"product_cat":[698,955,147],"product_tag":[],"class_list":{"0":"post-68817","1":"product","2":"type-product","3":"status-publish","4":"has-post-thumbnail","6":"product_cat-alfombrillas-de-raton-personalizadas","7":"product_cat-accesorios-tecnologicos","8":"product_cat-tecnologia","10":"first","11":"instock","12":"taxable","13":"shipping-taxable","14":"purchasable","15":"product-type-simple"},"acf":[],"_links":{"self":[{"href":"https:\/\/rubi5.com\/staging\/wp-json\/wp\/v2\/product\/68817","targetHints":{"allow":["GET"]}}],"collection":[{"href":"https:\/\/rubi5.com\/staging\/wp-json\/wp\/v2\/product"}],"about":[{"href":"https:\/\/rubi5.com\/staging\/wp-json\/wp\/v2\/types\/product"}],"version-history":[{"count":1,"href":"https:\/\/rubi5.com\/staging\/wp-json\/wp\/v2\/product\/68817\/revisions"}],"predecessor-version":[{"id":68821,"href":"https:\/\/rubi5.com\/staging\/wp-json\/wp\/v2\/product\/68817\/revisions\/68821"}],"wp:featuredmedia":[{"embeddable":true,"href":"https:\/\/rubi5.com\/staging\/wp-json\/wp\/v2\/media\/68818"}],"wp:attachment":[{"href":"https:\/\/rubi5.com\/staging\/wp-json\/wp\/v2\/media?parent=68817"}],"wp:term":[{"taxonomy":"product_brand","embeddable":true,"href":"https:\/\/rubi5.com\/staging\/wp-json\/wp\/v2\/product_brand?post=68817"},{"taxonomy":"product_cat","embeddable":true,"href":"https:\/\/rubi5.com\/staging\/wp-json\/wp\/v2\/product_cat?post=68817"},{"taxonomy":"product_tag","embeddable":true,"href":"https:\/\/rubi5.com\/staging\/wp-json\/wp\/v2\/product_tag?post=68817"}],"curies":[{"name":"wp","href":"https:\/\/api.w.org\/{rel}","templated":true}]}}