{"id":69178,"date":"2025-07-10T08:20:39","date_gmt":"2025-07-10T06:20:39","guid":{"rendered":"https:\/\/rubi5.com\/?post_type=product&#038;p=69178"},"modified":"2026-01-22T04:35:13","modified_gmt":"2026-01-22T02:35:13","slug":"boligrafo-linterna-telnay","status":"publish","type":"product","link":"https:\/\/rubi5.com\/staging\/boligrafo-linterna-telnay\/","title":{"rendered":"Bol\u00edgrafo Linterna Telnay"},"content":{"rendered":"","protected":false},"excerpt":{"rendered":"<p>Bol\u00edgrafo linterna de bamb\u00fa y abs, de mecanismo giratorio. Un bol\u00edgrafo con un pulsador lateral de on\/off con linterna led integrada.<br \/>\nCon un dise\u00f1o original de colores metalizados a elegir, en cuerpo y clip, con la zona central de bamb\u00fa.<br \/>\nTinta azul.<br \/>\n1 Led.<br \/>\nCarga Jumbo.<br \/>\nPilas de bot\u00f3n incluidas.<\/p>\n","protected":false},"featured_media":69184,"template":"","meta":{"_acf_changed":false},"product_brand":[],"product_cat":[43,320,317],"product_tag":[],"class_list":{"0":"post-69178","1":"product","2":"type-product","3":"status-publish","4":"has-post-thumbnail","6":"product_cat-escritura","7":"product_cat-boligrafos-ecologicos","8":"product_cat-boligrafos-personalizados","10":"first","11":"instock","12":"taxable","13":"shipping-taxable","14":"purchasable","15":"product-type-variable"},"acf":[],"_links":{"self":[{"href":"https:\/\/rubi5.com\/staging\/wp-json\/wp\/v2\/product\/69178","targetHints":{"allow":["GET"]}}],"collection":[{"href":"https:\/\/rubi5.com\/staging\/wp-json\/wp\/v2\/product"}],"about":[{"href":"https:\/\/rubi5.com\/staging\/wp-json\/wp\/v2\/types\/product"}],"version-history":[{"count":1,"href":"https:\/\/rubi5.com\/staging\/wp-json\/wp\/v2\/product\/69178\/revisions"}],"predecessor-version":[{"id":69183,"href":"https:\/\/rubi5.com\/staging\/wp-json\/wp\/v2\/product\/69178\/revisions\/69183"}],"wp:featuredmedia":[{"embeddable":true,"href":"https:\/\/rubi5.com\/staging\/wp-json\/wp\/v2\/media\/69184"}],"wp:attachment":[{"href":"https:\/\/rubi5.com\/staging\/wp-json\/wp\/v2\/media?parent=69178"}],"wp:term":[{"taxonomy":"product_brand","embeddable":true,"href":"https:\/\/rubi5.com\/staging\/wp-json\/wp\/v2\/product_brand?post=69178"},{"taxonomy":"product_cat","embeddable":true,"href":"https:\/\/rubi5.com\/staging\/wp-json\/wp\/v2\/product_cat?post=69178"},{"taxonomy":"product_tag","embeddable":true,"href":"https:\/\/rubi5.com\/staging\/wp-json\/wp\/v2\/product_tag?post=69178"}],"curies":[{"name":"wp","href":"https:\/\/api.w.org\/{rel}","templated":true}]}}