{"id":70202,"date":"2025-10-31T13:50:05","date_gmt":"2025-10-31T11:50:05","guid":{"rendered":"https:\/\/rubi5.com\/?post_type=product&#038;p=70202"},"modified":"2026-01-22T04:35:13","modified_gmt":"2026-01-22T02:35:13","slug":"libreta-mecony","status":"publish","type":"product","link":"https:\/\/rubi5.com\/staging\/libreta-mecony\/","title":{"rendered":"Libreta Mecony"},"content":{"rendered":"","protected":false},"excerpt":{"rendered":"<p>et de bloc de notas hecho en cart\u00f3n reciclado. Incluye una libreta de anillas con tapas r\u00edgidas en cart\u00f3n reciclado, decoradas con pespunte, de 80 hojas lisas en color natural. 25 notas adhesivas grandes y 100 mininotas adhesivas en 4 colores pastel distintos, junto a un pr\u00e1ctico soporte para bol\u00edgrafo. Adem\u00e1s, incluye un bol\u00edgrafo fabricado en cart\u00f3n reciclado con tinta azul. Presentado individualmente en bolsa de papel.<\/p>\n<p>El cart\u00f3n reciclado proviene del reaprovechamiento de excedente de fabricaciones y reciclaje de papel en el final de su vida \u00fatil, convirti\u00e9ndose en un lienzo ecol\u00f3gico y sostenible.<\/p>\n<p>Bloc 80 Hojas. 25 Notas Adhesivas 9 x 9 cm. 100 Mininotas Adhesivas 2 x 9 cm. Bol\u00edgrafo Cart\u00f3n Reciclado Incluido<\/p>\n","protected":false},"featured_media":70207,"template":"","meta":{"_acf_changed":false},"product_brand":[],"product_cat":[33,248,247],"product_tag":[],"class_list":{"0":"post-70202","1":"product","2":"type-product","3":"status-publish","4":"has-post-thumbnail","6":"product_cat-oficina","7":"product_cat-blocs-de-notas-personalizados","8":"product_cat-libretas-personalizadas","10":"first","11":"instock","12":"taxable","13":"shipping-taxable","14":"purchasable","15":"product-type-variable"},"acf":[],"_links":{"self":[{"href":"https:\/\/rubi5.com\/staging\/wp-json\/wp\/v2\/product\/70202","targetHints":{"allow":["GET"]}}],"collection":[{"href":"https:\/\/rubi5.com\/staging\/wp-json\/wp\/v2\/product"}],"about":[{"href":"https:\/\/rubi5.com\/staging\/wp-json\/wp\/v2\/types\/product"}],"version-history":[{"count":4,"href":"https:\/\/rubi5.com\/staging\/wp-json\/wp\/v2\/product\/70202\/revisions"}],"predecessor-version":[{"id":70230,"href":"https:\/\/rubi5.com\/staging\/wp-json\/wp\/v2\/product\/70202\/revisions\/70230"}],"wp:featuredmedia":[{"embeddable":true,"href":"https:\/\/rubi5.com\/staging\/wp-json\/wp\/v2\/media\/70207"}],"wp:attachment":[{"href":"https:\/\/rubi5.com\/staging\/wp-json\/wp\/v2\/media?parent=70202"}],"wp:term":[{"taxonomy":"product_brand","embeddable":true,"href":"https:\/\/rubi5.com\/staging\/wp-json\/wp\/v2\/product_brand?post=70202"},{"taxonomy":"product_cat","embeddable":true,"href":"https:\/\/rubi5.com\/staging\/wp-json\/wp\/v2\/product_cat?post=70202"},{"taxonomy":"product_tag","embeddable":true,"href":"https:\/\/rubi5.com\/staging\/wp-json\/wp\/v2\/product_tag?post=70202"}],"curies":[{"name":"wp","href":"https:\/\/api.w.org\/{rel}","templated":true}]}}